{"id":221,"date":"2017-10-11T14:21:37","date_gmt":"2017-10-11T11:21:37","guid":{"rendered":"https:\/\/raucell.fi\/yritys\/"},"modified":"2017-10-12T16:21:13","modified_gmt":"2017-10-12T13:21:13","slug":"foretaget","status":"publish","type":"page","link":"https:\/\/raucell.fi\/sv\/foretaget\/","title":{"rendered":"F\u00f6retaget"},"content":{"rendered":"<p>[et_pb_section bb_built=&#8221;1&#8243; _builder_version=&#8221;3.0.71&#8243;][et_pb_row _builder_version=&#8221;3.0.71&#8243; background_repeat_1=&#8221;no-repeat&#8221; make_fullwidth=&#8221;on&#8221;][et_pb_column type=&#8221;3_4&#8243;][et_pb_text _builder_version=&#8221;3.0.71&#8243; background_layout=&#8221;light&#8221; text_orientation=&#8221;left&#8221; border_style=&#8221;solid&#8221;]<\/p>\n<h1>F\u00f6retaget<\/h1>\n<p>Raucell Oy \u00e4r ett finskt, privat\u00e4gt f\u00f6retag i v\u00e4rmev\u00e4xlarbranschen. F\u00f6retaget grundades \u00e5r 1988 f\u00f6r att utveckla en v\u00e4rmev\u00e4xlare baserad p\u00e5 egen patent -plattv\u00e4rmev\u00e4xlaren helt av Syrafast St\u00e5l och helt Svetsad Konstruktion.<\/p>\n<p>RauCell plattv\u00e4rmev\u00e4xlare \u00e4r den mesta progressiva produkttypen i marknaden. Raucell har utvecklat produkten och dess produktion process. F\u00f6rsta kundleveranser var \u00e5r 1994.<\/p>\n<p>Kunderna fr\u00e5n processindustrier till VVS-teknik, fr\u00e5n enstaka slutanv\u00e4ndare till aggregattillverkare och till specialapplikationer. Raucell v\u00e4rmev\u00e4xlarnas anv\u00e4ndningsomr\u00e5den \u00e4r ytterst m\u00e5ngtaliga.<\/p>\n<p>[\/et_pb_text][\/et_pb_column][et_pb_column type=&#8221;1_4&#8243;][et_pb_image _builder_version=&#8221;3.0.71&#8243; src=&#8221;https:\/\/raucell.fi\/wp-content\/uploads\/2017\/10\/teollisuushalli.jpg&#8221; show_in_lightbox=&#8221;off&#8221; url_new_window=&#8221;off&#8221; use_overlay=&#8221;off&#8221; sticky=&#8221;off&#8221; align=&#8221;center&#8221; always_center_on_mobile=&#8221;on&#8221; border_style=&#8221;solid&#8221; force_fullwidth=&#8221;off&#8221; animation=&#8221;right&#8221; \/][\/et_pb_column][\/et_pb_row][\/et_pb_section]<\/p>\n","protected":false},"excerpt":{"rendered":"<p>F\u00f6retaget Raucell Oy \u00e4r ett finskt, privat\u00e4gt f\u00f6retag i v\u00e4rmev\u00e4xlarbranschen. F\u00f6retaget grundades \u00e5r 1988 f\u00f6r att utveckla en v\u00e4rmev\u00e4xlare baserad p\u00e5 egen patent -plattv\u00e4rmev\u00e4xlaren helt av Syrafast St\u00e5l och helt Svetsad Konstruktion. RauCell plattv\u00e4rmev\u00e4xlare \u00e4r den mesta progressiva produkttypen i marknaden. Raucell har utvecklat produkten och dess produktion process. F\u00f6rsta kundleveranser var \u00e5r 1994. Kunderna [&hellip;]<\/p>\n","protected":false},"author":1,"featured_media":0,"parent":0,"menu_order":0,"comment_status":"closed","ping_status":"closed","template":"","meta":{"_et_pb_use_builder":"on","_et_pb_old_content":"","_et_gb_content_width":"","footnotes":""},"class_list":["post-221","page","type-page","status-publish","hentry"],"_links":{"self":[{"href":"https:\/\/raucell.fi\/sv\/wp-json\/wp\/v2\/pages\/221","targetHints":{"allow":["GET"]}}],"collection":[{"href":"https:\/\/raucell.fi\/sv\/wp-json\/wp\/v2\/pages"}],"about":[{"href":"https:\/\/raucell.fi\/sv\/wp-json\/wp\/v2\/types\/page"}],"author":[{"embeddable":true,"href":"https:\/\/raucell.fi\/sv\/wp-json\/wp\/v2\/users\/1"}],"replies":[{"embeddable":true,"href":"https:\/\/raucell.fi\/sv\/wp-json\/wp\/v2\/comments?post=221"}],"version-history":[{"count":1,"href":"https:\/\/raucell.fi\/sv\/wp-json\/wp\/v2\/pages\/221\/revisions"}],"predecessor-version":[{"id":302,"href":"https:\/\/raucell.fi\/sv\/wp-json\/wp\/v2\/pages\/221\/revisions\/302"}],"wp:attachment":[{"href":"https:\/\/raucell.fi\/sv\/wp-json\/wp\/v2\/media?parent=221"}],"curies":[{"name":"wp","href":"https:\/\/api.w.org\/{rel}","templated":true}]}}