{"id":213,"date":"2017-10-11T14:19:59","date_gmt":"2017-10-11T11:19:59","guid":{"rendered":"https:\/\/raucell.fi\/valiaineluettelo\/"},"modified":"2017-10-12T16:18:20","modified_gmt":"2017-10-12T13:18:20","slug":"medier-forteckning","status":"publish","type":"page","link":"https:\/\/raucell.fi\/sv\/medier-forteckning\/","title":{"rendered":"Medier F\u00f6rteckning"},"content":{"rendered":"<p>[et_pb_section bb_built=&#8221;1&#8243; _builder_version=&#8221;3.0.71&#8243;][et_pb_row _builder_version=&#8221;3.0.71&#8243; background_repeat_1=&#8221;no-repeat&#8221; make_fullwidth=&#8221;on&#8221;][et_pb_column type=&#8221;4_4&#8243;][et_pb_text _builder_version=&#8221;3.0.71&#8243; background_layout=&#8221;light&#8221; text_orientation=&#8221;left&#8221; border_style=&#8221;solid&#8221;]<\/p>\n<h1>MEDIER F\u00d6RTECKNING<\/h1>\n<p>RauCell plattv\u00e4rmev\u00e4xlare anpassar sig f\u00f6r medier fr\u00e5n gaser och \u00e5ngor till viskosa v\u00e4tskor.<\/p>\n<p>&nbsp;<\/p>\n<ul>\n<li>Vatten<\/li>\n<li>\u00c5nga<\/li>\n<li>Glykolvatten<\/li>\n<li>Metanol, etanol, propanol och andra kemiska v\u00e4tskor och gas<\/li>\n<li>V\u00e4rme\u00f6verf\u00f6ringsv\u00e4tskor<\/li>\n<li>Oljor<\/li>\n<li>Kylmedier som ammoniak och R-kyl\u00e4mnen<\/li>\n<li>Olika diskl\u00f6sningar. Lut\/syravatten<\/li>\n<li>Saltvatten. Begr\u00e4nsad till l\u00e5ga temperaturer AISI 316L. SMO254<\/li>\n<li>Luft<\/li>\n<\/ul>\n<p>[\/et_pb_text][\/et_pb_column][\/et_pb_row][\/et_pb_section]<\/p>\n","protected":false},"excerpt":{"rendered":"<p>MEDIER F\u00d6RTECKNING RauCell plattv\u00e4rmev\u00e4xlare anpassar sig f\u00f6r medier fr\u00e5n gaser och \u00e5ngor till viskosa v\u00e4tskor. &nbsp; Vatten \u00c5nga Glykolvatten Metanol, etanol, propanol och andra kemiska v\u00e4tskor och gas V\u00e4rme\u00f6verf\u00f6ringsv\u00e4tskor Oljor Kylmedier som ammoniak och R-kyl\u00e4mnen Olika diskl\u00f6sningar. Lut\/syravatten Saltvatten. Begr\u00e4nsad till l\u00e5ga temperaturer AISI 316L. SMO254 Luft<\/p>\n","protected":false},"author":1,"featured_media":0,"parent":0,"menu_order":0,"comment_status":"closed","ping_status":"closed","template":"","meta":{"_et_pb_use_builder":"on","_et_pb_old_content":"","_et_gb_content_width":"","footnotes":""},"class_list":["post-213","page","type-page","status-publish","hentry"],"_links":{"self":[{"href":"https:\/\/raucell.fi\/sv\/wp-json\/wp\/v2\/pages\/213","targetHints":{"allow":["GET"]}}],"collection":[{"href":"https:\/\/raucell.fi\/sv\/wp-json\/wp\/v2\/pages"}],"about":[{"href":"https:\/\/raucell.fi\/sv\/wp-json\/wp\/v2\/types\/page"}],"author":[{"embeddable":true,"href":"https:\/\/raucell.fi\/sv\/wp-json\/wp\/v2\/users\/1"}],"replies":[{"embeddable":true,"href":"https:\/\/raucell.fi\/sv\/wp-json\/wp\/v2\/comments?post=213"}],"version-history":[{"count":1,"href":"https:\/\/raucell.fi\/sv\/wp-json\/wp\/v2\/pages\/213\/revisions"}],"predecessor-version":[{"id":295,"href":"https:\/\/raucell.fi\/sv\/wp-json\/wp\/v2\/pages\/213\/revisions\/295"}],"wp:attachment":[{"href":"https:\/\/raucell.fi\/sv\/wp-json\/wp\/v2\/media?parent=213"}],"curies":[{"name":"wp","href":"https:\/\/api.w.org\/{rel}","templated":true}]}}