{"id":209,"date":"2017-10-11T14:21:30","date_gmt":"2017-10-11T11:21:30","guid":{"rendered":"https:\/\/raucell.fi\/vedenlammittimet-sarja-w\/"},"modified":"2017-10-12T16:20:47","modified_gmt":"2017-10-12T13:20:47","slug":"vattenvarmare","status":"publish","type":"page","link":"https:\/\/raucell.fi\/sv\/vattenvarmare\/","title":{"rendered":"Vattenv\u00e4rmare"},"content":{"rendered":"<p>[et_pb_section bb_built=&#8221;1&#8243; _builder_version=&#8221;3.0.71&#8243;][et_pb_row _builder_version=&#8221;3.0.71&#8243; background_repeat_1=&#8221;no-repeat&#8221; make_fullwidth=&#8221;on&#8221;][et_pb_column type=&#8221;4_4&#8243;][et_pb_text _builder_version=&#8221;3.0.71&#8243; background_layout=&#8221;light&#8221; text_orientation=&#8221;left&#8221; border_style=&#8221;solid&#8221;]<\/p>\n<h1>VATTENV\u00c4RMARE: SERIE-W<\/h1>\n<p>I exemplet nedan v\u00e4rms bruksvatten med v\u00e4rmepannans vatten. Vatten fr\u00e5n v\u00e4rmepannan \u00e4r 90 &#8211; 40 \u00baC och bruksvattnet 5 &#8211; 55 \u00baC. Vattenfl\u00f6de i b\u00e5da kretsar \u00e4r lika. Tryckfallen i b\u00e5da kretsar \u00e4r 25 kPa (0.25bar).<\/p>\n<table class=\"taulukko\">\n<tbody>\n<tr>\n<td><strong>Typ<\/strong><\/td>\n<td><strong>V\u00e4rmnings-effekt<\/strong><\/td>\n<td><strong>Vattenfl\u00f6de<\/strong><\/td>\n<td><strong>M\u00e5tt<\/strong><\/td>\n<td><strong>Vikt<\/strong><\/td>\n<\/tr>\n<tr>\n<td><\/td>\n<td><strong>kW<\/strong><\/td>\n<td><strong>m\u00b3\/h<\/strong><\/td>\n<td><strong>\u03a6\/S<\/strong><\/td>\n<td><strong>kg<\/strong><\/td>\n<\/tr>\n<tr>\n<td>240-120-9W<\/td>\n<td>73<\/td>\n<td>1,3<\/td>\n<td>240\/56<\/td>\n<td>15<\/td>\n<\/tr>\n<tr>\n<td>240-120-15W<\/td>\n<td>127<\/td>\n<td>2,2<\/td>\n<td>240\/70<\/td>\n<td>17<\/td>\n<\/tr>\n<tr>\n<td>240-120-23W<\/td>\n<td>200<\/td>\n<td>3,5<\/td>\n<td>240\/86<\/td>\n<td>19<\/td>\n<\/tr>\n<tr>\n<td>240-120-35W<\/td>\n<td>309<\/td>\n<td>5,3<\/td>\n<td>240\/112<\/td>\n<td>23<\/td>\n<\/tr>\n<tr>\n<td>240-120-51W<\/td>\n<td>454<\/td>\n<td>7,8<\/td>\n<td>240\/152<\/td>\n<td>27<\/td>\n<\/tr>\n<tr>\n<td>240-120-81W<\/td>\n<td>727<\/td>\n<td>12,5<\/td>\n<td>240\/220<\/td>\n<td>33<\/td>\n<\/tr>\n<tr>\n<td>240-120-105W<\/td>\n<td>945<\/td>\n<td>16,3<\/td>\n<td>240\/276<\/td>\n<td>41<\/td>\n<\/tr>\n<tr>\n<td>240-120-135W<\/td>\n<td>1218<\/td>\n<td>21,0<\/td>\n<td>240\/346<\/td>\n<td>48<\/td>\n<\/tr>\n<tr>\n<td>240-120-151W<\/td>\n<td>1363<\/td>\n<td>23,4<\/td>\n<td>240\/383<\/td>\n<td>53<\/td>\n<\/tr>\n<\/tbody>\n<\/table>\n<p>\u03a6 = diameter (mm)<br \/>\nS = paketets tjocklek (mm)<\/p>\n<p>I exemplet nedan v\u00e4rms cirkulationsvatten med vatten fr\u00e5n v\u00e4rmepanna. Vattnet i v\u00e4rmepannan \u00e4r 85 &#8211; 65 \u00baC och i cirkulationskretsen 50 &#8211; 70 \u00baC. Vattenfl\u00f6de i b\u00e5da kretsar \u00e4r lika. Tryckfallen i b\u00e5da kretsar \u00e4r 20 kPa (0.20bar).<\/p>\n<p>&nbsp;<\/p>\n<table class=\"taulukko\">\n<tbody>\n<tr>\n<td><strong>Typ<\/strong><\/td>\n<td><strong>V\u00e4rmnings-effekt<\/strong><\/td>\n<td><strong>Vattenfl\u00f6de<\/strong><\/td>\n<td><strong>M\u00e5tt<\/strong><\/td>\n<td><strong>Vikt<\/strong><\/td>\n<\/tr>\n<tr>\n<td><\/td>\n<td><strong>kW<\/strong><\/td>\n<td><strong>m\u00b3\/h<\/strong><\/td>\n<td><strong>\u03a6\/S<\/strong><\/td>\n<td><strong>kg<\/strong><\/td>\n<\/tr>\n<tr>\n<td>240-120-9W<\/td>\n<td>27<\/td>\n<td>1,2<\/td>\n<td>240\/56<\/td>\n<td>15<\/td>\n<\/tr>\n<tr>\n<td>240-120-15W<\/td>\n<td>47<\/td>\n<td>2,0<\/td>\n<td>240\/70<\/td>\n<td>17<\/td>\n<\/tr>\n<tr>\n<td>240-120-23W<\/td>\n<td>75<\/td>\n<td>3,2<\/td>\n<td>240\/86<\/td>\n<td>19<\/td>\n<\/tr>\n<tr>\n<td>240-120-35W<\/td>\n<td>115<\/td>\n<td>4,9<\/td>\n<td>240\/112<\/td>\n<td>23<\/td>\n<\/tr>\n<tr>\n<td>240-120-51W<\/td>\n<td>169<\/td>\n<td>7,3<\/td>\n<td>240\/152<\/td>\n<td>27<\/td>\n<\/tr>\n<tr>\n<td>240-120-81W<\/td>\n<td>270<\/td>\n<td>11,6<\/td>\n<td>240\/220<\/td>\n<td>33<\/td>\n<\/tr>\n<tr>\n<td>240-120-105W<\/td>\n<td>353<\/td>\n<td>15,1<\/td>\n<td>240\/276<\/td>\n<td>41<\/td>\n<\/tr>\n<tr>\n<td>240-120-135W<\/td>\n<td>452<\/td>\n<td>19,4<\/td>\n<td>240\/346<\/td>\n<td>48<\/td>\n<\/tr>\n<tr>\n<td>240-120-151W<\/td>\n<td>506<\/td>\n<td>21,7<\/td>\n<td>240\/383<\/td>\n<td>53<\/td>\n<\/tr>\n<\/tbody>\n<\/table>\n<p>\u03a6 = diameter (mm)<br \/>\nS = paketets tjocklek (mm)<\/p>\n<p>[\/et_pb_text][\/et_pb_column][\/et_pb_row][\/et_pb_section]<\/p>\n","protected":false},"excerpt":{"rendered":"<p>VATTENV\u00c4RMARE: SERIE-W I exemplet nedan v\u00e4rms bruksvatten med v\u00e4rmepannans vatten. Vatten fr\u00e5n v\u00e4rmepannan \u00e4r 90 &#8211; 40 \u00baC och bruksvattnet 5 &#8211; 55 \u00baC. Vattenfl\u00f6de i b\u00e5da kretsar \u00e4r lika. Tryckfallen i b\u00e5da kretsar \u00e4r 25 kPa (0.25bar). Typ V\u00e4rmnings-effekt Vattenfl\u00f6de M\u00e5tt Vikt kW m\u00b3\/h \u03a6\/S kg 240-120-9W 73 1,3 240\/56 15 240-120-15W 127 2,2 [&hellip;]<\/p>\n","protected":false},"author":1,"featured_media":0,"parent":0,"menu_order":0,"comment_status":"closed","ping_status":"closed","template":"","meta":{"_et_pb_use_builder":"on","_et_pb_old_content":"","_et_gb_content_width":"","footnotes":""},"class_list":["post-209","page","type-page","status-publish","hentry"],"_links":{"self":[{"href":"https:\/\/raucell.fi\/sv\/wp-json\/wp\/v2\/pages\/209","targetHints":{"allow":["GET"]}}],"collection":[{"href":"https:\/\/raucell.fi\/sv\/wp-json\/wp\/v2\/pages"}],"about":[{"href":"https:\/\/raucell.fi\/sv\/wp-json\/wp\/v2\/types\/page"}],"author":[{"embeddable":true,"href":"https:\/\/raucell.fi\/sv\/wp-json\/wp\/v2\/users\/1"}],"replies":[{"embeddable":true,"href":"https:\/\/raucell.fi\/sv\/wp-json\/wp\/v2\/comments?post=209"}],"version-history":[{"count":2,"href":"https:\/\/raucell.fi\/sv\/wp-json\/wp\/v2\/pages\/209\/revisions"}],"predecessor-version":[{"id":301,"href":"https:\/\/raucell.fi\/sv\/wp-json\/wp\/v2\/pages\/209\/revisions\/301"}],"wp:attachment":[{"href":"https:\/\/raucell.fi\/sv\/wp-json\/wp\/v2\/media?parent=209"}],"curies":[{"name":"wp","href":"https:\/\/api.w.org\/{rel}","templated":true}]}}