{"id":205,"date":"2017-10-11T14:19:31","date_gmt":"2017-10-11T11:19:31","guid":{"rendered":"https:\/\/raucell.fi\/tuoteominaisuudet\/"},"modified":"2017-10-12T16:16:40","modified_gmt":"2017-10-12T13:16:40","slug":"produkt-presentation","status":"publish","type":"page","link":"https:\/\/raucell.fi\/sv\/produkt-presentation\/","title":{"rendered":"Produkt presentation"},"content":{"rendered":"<p>[et_pb_section bb_built=&#8221;1&#8243; _builder_version=&#8221;3.0.71&#8243;][et_pb_row _builder_version=&#8221;3.0.71&#8243; background_repeat_1=&#8221;no-repeat&#8221; make_fullwidth=&#8221;on&#8221;][et_pb_column type=&#8221;3_4&#8243;][et_pb_text _builder_version=&#8221;3.0.71&#8243; background_layout=&#8221;light&#8221; text_orientation=&#8221;left&#8221; border_style=&#8221;solid&#8221;]<\/p>\n<h1>Produkt presentation<\/h1>\n<h2>NY PRODUKTINNOVATION<\/h2>\n<p>RauCell plattv\u00e4rmev\u00e4xlare \u00e4r innovationen med m\u00e5nga till\u00e4mpningar. Kundleveranser fr\u00e5n \u00e5r 1994.<\/p>\n<h2>EFFEKTIV OCH LITEN, H\u00c5LLBAR<\/h2>\n<p>I v\u00e4rme\u00f6verf\u00f6ringsplattorna finns inga fl\u00f6desh\u00e5l som minskar v\u00e4rme\u00f6verf\u00f6rings ytan och begr\u00e4nsar fl\u00f6derna. Plattorna \u00e4r svetsade ihop fr\u00e5n kanterna till enhetligt och h\u00e5llbar mantel. Ingen kassettkonstruktion, som \u201dPlate and Shell\u201d<\/p>\n<h2>KONSTRUKTION \u00c4R HELT AV SYRAFAST ROSTFRITT ST\u00c5L, AISI316L<\/h2>\n<p>Prim\u00e4ra och sekund\u00e4ra kretsar och alla ytor \u00e4r av materialet AISI316L. Syrafast rostfritt st\u00e5l \u00e4r utm\u00e4rkt allm\u00e4n konstruktion st\u00e5l. Plattmellanrum \u00e4r rena och inneh\u00e5ller inga, fr\u00e4mmande l\u00f6sliga giftiga metaller.<\/p>\n<h2>F\u00d6RM\u00c5NLIG OCH MILJ\u00d6V\u00c4NLIG<\/h2>\n<p>V\u00e4rmev\u00e4xlarens konstruktion inte inneh\u00e5ller l\u00f6dningar av ok\u00e4nda och giftiga metall som koppar. Den l\u00e4mpar sig utm\u00e4rkt till livsmedelindustrier och kemi &#8211; industrin. Ocks\u00e5 till hygieniska utrymmen.<\/p>\n<h2>INGA L\u00d6DNINGAR ELLER T\u00c4TNINGAR<\/h2>\n<p>V\u00e4rmev\u00e4xlarna \u00e4r helt svetsade. I konstruktionen finns inte l\u00f6sliga l\u00f6dningar. Inte heller l\u00e4ckande t\u00e4tningar av gummi hos kant \u2013 och fl\u00f6desh\u00e5l.<\/p>\n<h2>V\u00c4LJBARA KOPLINGSTORLEKAR, F\u00c4RDIGA SPOL- OCH DISKUTTAG<\/h2>\n<p>V\u00e4ljbara koplingstorlekar \u00e4r G1\/2\u201d, G3\/4\u201d, G1\u201d, DN40, DN50, DN65, DN80, DN100 (\u201dDN\u201d \u00e4r svetsbara tub \u00e4ndor ). Kretsar som kr\u00e4ver spolning och disk f\u00f6rses med extra uttag.<\/p>\n<h2>VIDSTR\u00c4KTA ANV\u00c4NDNINGSOMR\u00c5DEN<\/h2>\n<p>Vatten, vattenl\u00f6sningar, \u00e5nga, dunst, oljor, hydraulikoljor, hetoljor, kalloljor, br\u00e4nnoljor, kemikalier, gaser och luft.<\/p>\n<p>Vi f\u00f6ljer EU &#8211; direktivet f\u00f6r tryck-k\u00e4rl 97\/23\/EU. Till\u00e5tna anv\u00e4ndningstryck \u00e4r fr\u00e5n vakuum till 60 bar. Till\u00e5tna anv\u00e4ndningstemperatur \u00e4r fr\u00e5n frys (-40C) till flera hundra grader Celsius.<\/p>\n<p>[\/et_pb_text][\/et_pb_column][et_pb_column type=&#8221;1_4&#8243;][et_pb_image _builder_version=&#8221;3.0.71&#8243; src=&#8221;https:\/\/raucell.fi\/wp-content\/uploads\/2017\/10\/tuotekuva.jpg&#8221; show_in_lightbox=&#8221;off&#8221; url_new_window=&#8221;off&#8221; use_overlay=&#8221;off&#8221; sticky=&#8221;off&#8221; align=&#8221;center&#8221; always_center_on_mobile=&#8221;on&#8221; border_style=&#8221;solid&#8221; force_fullwidth=&#8221;off&#8221; animation=&#8221;right&#8221; \/][\/et_pb_column][\/et_pb_row][\/et_pb_section]<\/p>\n","protected":false},"excerpt":{"rendered":"<p>Produkt presentation NY PRODUKTINNOVATION RauCell plattv\u00e4rmev\u00e4xlare \u00e4r innovationen med m\u00e5nga till\u00e4mpningar. Kundleveranser fr\u00e5n \u00e5r 1994. EFFEKTIV OCH LITEN, H\u00c5LLBAR I v\u00e4rme\u00f6verf\u00f6ringsplattorna finns inga fl\u00f6desh\u00e5l som minskar v\u00e4rme\u00f6verf\u00f6rings ytan och begr\u00e4nsar fl\u00f6derna. Plattorna \u00e4r svetsade ihop fr\u00e5n kanterna till enhetligt och h\u00e5llbar mantel. Ingen kassettkonstruktion, som \u201dPlate and Shell\u201d KONSTRUKTION \u00c4R HELT AV SYRAFAST ROSTFRITT ST\u00c5L, [&hellip;]<\/p>\n","protected":false},"author":1,"featured_media":0,"parent":0,"menu_order":0,"comment_status":"closed","ping_status":"closed","template":"","meta":{"_et_pb_use_builder":"on","_et_pb_old_content":"","_et_gb_content_width":"","footnotes":""},"class_list":["post-205","page","type-page","status-publish","hentry"],"_links":{"self":[{"href":"https:\/\/raucell.fi\/sv\/wp-json\/wp\/v2\/pages\/205","targetHints":{"allow":["GET"]}}],"collection":[{"href":"https:\/\/raucell.fi\/sv\/wp-json\/wp\/v2\/pages"}],"about":[{"href":"https:\/\/raucell.fi\/sv\/wp-json\/wp\/v2\/types\/page"}],"author":[{"embeddable":true,"href":"https:\/\/raucell.fi\/sv\/wp-json\/wp\/v2\/users\/1"}],"replies":[{"embeddable":true,"href":"https:\/\/raucell.fi\/sv\/wp-json\/wp\/v2\/comments?post=205"}],"version-history":[{"count":1,"href":"https:\/\/raucell.fi\/sv\/wp-json\/wp\/v2\/pages\/205\/revisions"}],"predecessor-version":[{"id":292,"href":"https:\/\/raucell.fi\/sv\/wp-json\/wp\/v2\/pages\/205\/revisions\/292"}],"wp:attachment":[{"href":"https:\/\/raucell.fi\/sv\/wp-json\/wp\/v2\/media?parent=205"}],"curies":[{"name":"wp","href":"https:\/\/api.w.org\/{rel}","templated":true}]}}