{"id":201,"date":"2017-10-11T14:19:48","date_gmt":"2017-10-11T11:19:48","guid":{"rendered":"https:\/\/raucell.fi\/kayttosovellukset\/"},"modified":"2017-10-12T16:17:24","modified_gmt":"2017-10-12T13:17:24","slug":"anvandningsomraden","status":"publish","type":"page","link":"https:\/\/raucell.fi\/sv\/anvandningsomraden\/","title":{"rendered":"Anv\u00e4ndningsomr\u00e5den"},"content":{"rendered":"<p>[et_pb_section bb_built=&#8221;1&#8243; _builder_version=&#8221;3.0.71&#8243;][et_pb_row _builder_version=&#8221;3.0.71&#8243; background_repeat_1=&#8221;no-repeat&#8221; make_fullwidth=&#8221;on&#8221;][et_pb_column type=&#8221;4_4&#8243;][et_pb_text _builder_version=&#8221;3.0.71&#8243; background_layout=&#8221;light&#8221; text_orientation=&#8221;left&#8221; border_style=&#8221;solid&#8221;]<\/p>\n<h1>ANV\u00c4NDNINGSOMR\u00c5DEN<\/h1>\n<ul>\n<li>V\u00e4rma och kyla cirkulationsvatten<\/li>\n<li>Kylning av hydraulikoljor<\/li>\n<li>Kyl- och frysanl\u00e4ggningar samt luftkonditionering. F\u00f6r alla kylmedier, \u00e4ven ammoniak.<\/li>\n<li>F\u00f6r\u00e5ngare, kondensorer, \u00f6verhettning kylare och kylare f\u00f6r kompressorolja.<\/li>\n<li>Bruks- och processvatten. Mejeri-, livsmedel- och k\u00f6ttindustrier.<\/li>\n<li>VVS<\/li>\n<li>Kylare f\u00f6r motoroljor. Fartyg, diesel\/gaskraftverk och t\u00e5g.<\/li>\n<li>Kylare f\u00f6r transformator oljor<\/li>\n<li>\u00c5ngkondensering. \u00c4ven kondensering av milj\u00f6farliga \u00e5ngor och \u00e5terf\u00f6ring till processen. Kemiska industrier<\/li>\n<li>Destillering i kemiska industrier<\/li>\n<li>F\u00f6rv\u00e4rmare av br\u00e4nnoljor<\/li>\n<li>Flytgas v\u00e4rmare<\/li>\n<li>Olje- och vattenkylare och avfukta i bioprocess och tryckluftkompressorer.<\/li>\n<li>Het- och kalloljetill\u00e4mpningar<\/li>\n<li>Diskcentral v\u00e4rmev\u00e4xlare<\/li>\n<li>Luft- och gas v\u00e4rmare och \u2013kylare. Br\u00e4nnceller.<\/li>\n<li>Saltl\u00f6sningkylare<\/li>\n<li>Provtagare<\/li>\n<li>Simbass\u00e4ngv\u00e4rmare<\/li>\n<li>Olikartade specialtill\u00e4mpningar hos kunderna.<\/li>\n<\/ul>\n<p>[\/et_pb_text][\/et_pb_column][\/et_pb_row][\/et_pb_section]<\/p>\n","protected":false},"excerpt":{"rendered":"<p>ANV\u00c4NDNINGSOMR\u00c5DEN V\u00e4rma och kyla cirkulationsvatten Kylning av hydraulikoljor Kyl- och frysanl\u00e4ggningar samt luftkonditionering. F\u00f6r alla kylmedier, \u00e4ven ammoniak. F\u00f6r\u00e5ngare, kondensorer, \u00f6verhettning kylare och kylare f\u00f6r kompressorolja. Bruks- och processvatten. Mejeri-, livsmedel- och k\u00f6ttindustrier. VVS Kylare f\u00f6r motoroljor. Fartyg, diesel\/gaskraftverk och t\u00e5g. Kylare f\u00f6r transformator oljor \u00c5ngkondensering. \u00c4ven kondensering av milj\u00f6farliga \u00e5ngor och \u00e5terf\u00f6ring till processen. [&hellip;]<\/p>\n","protected":false},"author":1,"featured_media":0,"parent":0,"menu_order":0,"comment_status":"closed","ping_status":"closed","template":"","meta":{"_et_pb_use_builder":"on","_et_pb_old_content":"","_et_gb_content_width":"","footnotes":""},"class_list":["post-201","page","type-page","status-publish","hentry"],"_links":{"self":[{"href":"https:\/\/raucell.fi\/sv\/wp-json\/wp\/v2\/pages\/201","targetHints":{"allow":["GET"]}}],"collection":[{"href":"https:\/\/raucell.fi\/sv\/wp-json\/wp\/v2\/pages"}],"about":[{"href":"https:\/\/raucell.fi\/sv\/wp-json\/wp\/v2\/types\/page"}],"author":[{"embeddable":true,"href":"https:\/\/raucell.fi\/sv\/wp-json\/wp\/v2\/users\/1"}],"replies":[{"embeddable":true,"href":"https:\/\/raucell.fi\/sv\/wp-json\/wp\/v2\/comments?post=201"}],"version-history":[{"count":2,"href":"https:\/\/raucell.fi\/sv\/wp-json\/wp\/v2\/pages\/201\/revisions"}],"predecessor-version":[{"id":294,"href":"https:\/\/raucell.fi\/sv\/wp-json\/wp\/v2\/pages\/201\/revisions\/294"}],"wp:attachment":[{"href":"https:\/\/raucell.fi\/sv\/wp-json\/wp\/v2\/media?parent=201"}],"curies":[{"name":"wp","href":"https:\/\/api.w.org\/{rel}","templated":true}]}}