{"id":197,"date":"2017-10-11T14:21:12","date_gmt":"2017-10-11T11:21:12","guid":{"rendered":"https:\/\/raucell.fi\/hoyrylammonsiirtimet-sarja-s\/"},"modified":"2017-10-12T16:19:52","modified_gmt":"2017-10-12T13:19:52","slug":"angapplikationer","status":"publish","type":"page","link":"https:\/\/raucell.fi\/sv\/angapplikationer\/","title":{"rendered":"\u00c5ngapplikationer"},"content":{"rendered":"<p>[et_pb_section bb_built=&#8221;1&#8243; _builder_version=&#8221;3.0.71&#8243;][et_pb_row _builder_version=&#8221;3.0.71&#8243; background_repeat_1=&#8221;no-repeat&#8221; make_fullwidth=&#8221;on&#8221;][et_pb_column type=&#8221;4_4&#8243;][et_pb_text _builder_version=&#8221;3.0.71&#8243; background_layout=&#8221;light&#8221; text_orientation=&#8221;left&#8221; border_style=&#8221;solid&#8221;]<\/p>\n<h1>RAUCELL \u00c5NGV\u00c4RMEV\u00c4XLARE; SERIE\u2013S<\/h1>\n<p>I exemplet nedan \u00e4r v\u00e4rmande \u00e5ngtrycket 3 bar och temperaturen 134C\u00ba. Temperaturerna p\u00e5 vattnet som v\u00e4rmas \u00e4r 10 &#8211; 55C\u00ba. Vattnets tryckfall \u00e4r 50 kPa. V\u00e4rmev\u00e4xlarens diameter \u00e4r 240 mm.<\/p>\n<table class=\"taulukko\">\n<tbody>\n<tr>\n<td bgcolor=\"#005c9d\"><strong>Typ<\/strong><\/td>\n<td bgcolor=\"#005c9d\"><strong>V\u00e4rmeeffekt<\/strong><\/td>\n<td bgcolor=\"#005c9d\"><strong>Vattenfl\u00f6de<\/strong><\/td>\n<td bgcolor=\"#005c9d\"><strong>\u00c5ngf\u00f6rbrukning<\/strong><\/td>\n<td bgcolor=\"#005c9d\"><strong>M\u00e5tt<\/strong><\/td>\n<td bgcolor=\"#005c9d\"><strong>Vikt<\/strong><\/td>\n<\/tr>\n<tr>\n<td><\/td>\n<td><strong>kW<\/strong><\/td>\n<td><strong>m\u00b3\/h<\/strong><\/td>\n<td><strong>kg\/h<\/strong><\/td>\n<td><strong>\u03a6\/S<\/strong><\/td>\n<td><strong>kg<\/strong><\/td>\n<\/tr>\n<tr>\n<td>240-45-9S<\/td>\n<td>198<\/td>\n<td>3,8<\/td>\n<td>329<\/td>\n<td>240\/52<\/td>\n<td>15<\/td>\n<\/tr>\n<tr>\n<td>240-45-15S<\/td>\n<td>314<\/td>\n<td>6,0<\/td>\n<td>522<\/td>\n<td>240\/63<\/td>\n<td>17<\/td>\n<\/tr>\n<tr>\n<td>240-45-23S<\/td>\n<td>471<\/td>\n<td>9,0<\/td>\n<td>782<\/td>\n<td>240\/80<\/td>\n<td>19<\/td>\n<\/tr>\n<tr>\n<td>240-45-35S<\/td>\n<td>706<\/td>\n<td>13,5<\/td>\n<td>1173<\/td>\n<td>240\/106<\/td>\n<td>23<\/td>\n<\/tr>\n<tr>\n<td>240-45-51S<\/td>\n<td>1020<\/td>\n<td>19,5<\/td>\n<td>1694<\/td>\n<td>240\/142<\/td>\n<td>27<\/td>\n<\/tr>\n<tr>\n<td>240-45-81S<\/td>\n<td>1606<\/td>\n<td>30,7<\/td>\n<td>2668<\/td>\n<td>240\/207<\/td>\n<td>33<\/td>\n<\/tr>\n<tr>\n<td>240-45-105S<\/td>\n<td>2082<\/td>\n<td>39,8<\/td>\n<td>3459<\/td>\n<td>240\/260<\/td>\n<td>41<\/td>\n<\/tr>\n<tr>\n<td>240-45-135S<\/td>\n<td>2669<\/td>\n<td>51,0<\/td>\n<td>4434<\/td>\n<td>240\/328<\/td>\n<td>48<\/td>\n<\/tr>\n<tr>\n<td>240-45-151S<\/td>\n<td>2983<\/td>\n<td>57,0<\/td>\n<td>4956<\/td>\n<td>240\/365<\/td>\n<td>53<\/td>\n<\/tr>\n<\/tbody>\n<\/table>\n<p>\u03a6 = diameter (mm)<br \/>\nS = paketets tjocklek (mm)<\/p>\n<p>Obs! Vid v\u00e4rmning vatten med \u00e5nga b\u00f6r man undg\u00e5 \u00f6verhetta och riskavklorid\/fluoridsalt korrosion genom, att \u00f6vervaka punktlig och saktad funktion av \u00e5ngventilen. \u00c4ndam\u00e5lsenligt \u00e4r, att arrangera kontinuerlig och riklig vattenfl\u00f6de genom v\u00e4rmev\u00e4xlaren. Vid sv\u00e5ra f\u00f6rh\u00e5llanden kan man v\u00e4lja ist\u00e4llet f\u00f6r syrafast st\u00e5l AISI 316L mera kloridbest\u00e4ndig syrafast st\u00e5l SHO254. Se &#8221;Anv\u00e4ndning och underh\u00e5ll&#8221; av RauCell plattv\u00e4rmev\u00e4xlare.<\/p>\n<p>[\/et_pb_text][\/et_pb_column][\/et_pb_row][\/et_pb_section]<\/p>\n","protected":false},"excerpt":{"rendered":"<p>RAUCELL \u00c5NGV\u00c4RMEV\u00c4XLARE; SERIE\u2013S I exemplet nedan \u00e4r v\u00e4rmande \u00e5ngtrycket 3 bar och temperaturen 134C\u00ba. Temperaturerna p\u00e5 vattnet som v\u00e4rmas \u00e4r 10 &#8211; 55C\u00ba. Vattnets tryckfall \u00e4r 50 kPa. V\u00e4rmev\u00e4xlarens diameter \u00e4r 240 mm. Typ V\u00e4rmeeffekt Vattenfl\u00f6de \u00c5ngf\u00f6rbrukning M\u00e5tt Vikt kW m\u00b3\/h kg\/h \u03a6\/S kg 240-45-9S 198 3,8 329 240\/52 15 240-45-15S 314 6,0 522 240\/63 [&hellip;]<\/p>\n","protected":false},"author":1,"featured_media":0,"parent":0,"menu_order":0,"comment_status":"closed","ping_status":"closed","template":"","meta":{"_et_pb_use_builder":"on","_et_pb_old_content":"","_et_gb_content_width":"","footnotes":""},"class_list":["post-197","page","type-page","status-publish","hentry"],"_links":{"self":[{"href":"https:\/\/raucell.fi\/sv\/wp-json\/wp\/v2\/pages\/197","targetHints":{"allow":["GET"]}}],"collection":[{"href":"https:\/\/raucell.fi\/sv\/wp-json\/wp\/v2\/pages"}],"about":[{"href":"https:\/\/raucell.fi\/sv\/wp-json\/wp\/v2\/types\/page"}],"author":[{"embeddable":true,"href":"https:\/\/raucell.fi\/sv\/wp-json\/wp\/v2\/users\/1"}],"replies":[{"embeddable":true,"href":"https:\/\/raucell.fi\/sv\/wp-json\/wp\/v2\/comments?post=197"}],"version-history":[{"count":2,"href":"https:\/\/raucell.fi\/sv\/wp-json\/wp\/v2\/pages\/197\/revisions"}],"predecessor-version":[{"id":299,"href":"https:\/\/raucell.fi\/sv\/wp-json\/wp\/v2\/pages\/197\/revisions\/299"}],"wp:attachment":[{"href":"https:\/\/raucell.fi\/sv\/wp-json\/wp\/v2\/media?parent=197"}],"curies":[{"name":"wp","href":"https:\/\/api.w.org\/{rel}","templated":true}]}}