{"id":193,"date":"2017-10-11T14:20:44","date_gmt":"2017-10-11T11:20:44","guid":{"rendered":"https:\/\/raucell.fi\/hydrauliikkaoljyn-jaahdyttimet-sarja-h\/"},"modified":"2017-10-12T16:19:20","modified_gmt":"2017-10-12T13:19:20","slug":"hydraulik-oljekylare","status":"publish","type":"page","link":"https:\/\/raucell.fi\/sv\/hydraulik-oljekylare\/","title":{"rendered":"Hydraulik oljekylare"},"content":{"rendered":"<p>[et_pb_section bb_built=&#8221;1&#8243; _builder_version=&#8221;3.0.71&#8243;][et_pb_row _builder_version=&#8221;3.0.71&#8243; background_repeat_1=&#8221;no-repeat&#8221; make_fullwidth=&#8221;on&#8221;][et_pb_column type=&#8221;4_4&#8243;][et_pb_text _builder_version=&#8221;3.0.71&#8243; background_layout=&#8221;light&#8221; text_orientation=&#8221;left&#8221; border_style=&#8221;solid&#8221;]<\/p>\n<h1>RAUCELL HYDRAULIK OLJEKYLARE; SERIE-H<\/h1>\n<table class=\"taulukko\">\n<tbody>\n<tr>\n<td bgcolor=\"#005c9d\"><strong>Typ<\/strong><\/td>\n<td bgcolor=\"#005c9d\"><strong>Kyleffekt<\/strong><\/td>\n<td bgcolor=\"#005c9d\"><strong>Oljefl\u00f6de<\/strong><\/td>\n<td bgcolor=\"#005c9d\"><strong>Vattenfl\u00f6de<\/strong><\/td>\n<td bgcolor=\"#005c9d\"><strong>Anslutningar<\/strong><\/td>\n<td bgcolor=\"#005c9d\"><strong>M\u00e5tt<\/strong><\/td>\n<td bgcolor=\"#005c9d\"><strong>Vikt<\/strong><\/td>\n<\/tr>\n<tr>\n<td><\/td>\n<td><strong>kW<\/strong><\/td>\n<td><strong>L\/min<\/strong><\/td>\n<td><strong>L\/min<\/strong><\/td>\n<td><\/td>\n<td><strong>\u03a6\/S<\/strong><\/td>\n<td><strong>kg<\/strong><\/td>\n<\/tr>\n<tr>\n<td>240-120-9H<\/td>\n<td>10<\/td>\n<td>26<\/td>\n<td>20<\/td>\n<td>R3\/4&#8243;<\/td>\n<td>240\/52<\/td>\n<td>15<\/td>\n<\/tr>\n<tr>\n<td>240-120-15H<\/td>\n<td>18<\/td>\n<td>47<\/td>\n<td>36<\/td>\n<td>R3\/4&#8243;<\/td>\n<td>240\/63<\/td>\n<td>17<\/td>\n<\/tr>\n<tr>\n<td>240-120-23H<\/td>\n<td>27<\/td>\n<td>70<\/td>\n<td>55<\/td>\n<td>R1&#8243;<\/td>\n<td>240\/80<\/td>\n<td>19<\/td>\n<\/tr>\n<tr>\n<td>240-120-35H<\/td>\n<td>40<\/td>\n<td>105<\/td>\n<td>81<\/td>\n<td>R1&#8243;<\/td>\n<td>240\/106<\/td>\n<td>23<\/td>\n<\/tr>\n<tr>\n<td>240-120-51H<\/td>\n<td>58<\/td>\n<td>151<\/td>\n<td>118<\/td>\n<td>NS40<\/td>\n<td>240\/142<\/td>\n<td>27<\/td>\n<\/tr>\n<tr>\n<td>240-120-81H<\/td>\n<td>92<\/td>\n<td>239<\/td>\n<td>188<\/td>\n<td>NS40<\/td>\n<td>240\/207<\/td>\n<td>33<\/td>\n<\/tr>\n<tr>\n<td>240-120-105H<\/td>\n<td>119<\/td>\n<td>309<\/td>\n<td>243<\/td>\n<td>NS40<\/td>\n<td>240\/260<\/td>\n<td>41<\/td>\n<\/tr>\n<tr>\n<td>240-120-135H<\/td>\n<td>152<\/td>\n<td>396<\/td>\n<td>311<\/td>\n<td>NS50<\/td>\n<td>240\/328<\/td>\n<td>48<\/td>\n<\/tr>\n<tr>\n<td>240-120-151H<\/td>\n<td>175<\/td>\n<td>455<\/td>\n<td>358<\/td>\n<td>NS50<\/td>\n<td>240\/365<\/td>\n<td>53<\/td>\n<\/tr>\n<\/tbody>\n<\/table>\n<p>&nbsp;<\/p>\n<p>\u03a6 = diameter (mm)<br \/>\nS = paketets tjocklek (mm)<strong><br \/>\n<\/strong><br \/>\nOljetyp:\u00a0<strong>ISO VG46<\/strong><br \/>\nOljans temperaturer 60 &#8211; 45 \u00baC<br \/>\nOljans tryckfall 100 kPa<br \/>\nKylvattnets temperaturer 25 &#8211; 32 \u00baC<br \/>\nKylvattnets tryckfall 35 kPa<br \/>\nObs.: I v\u00e4rme\u00f6verf\u00f6ringskoefficienten finns 20% extra mot smuts och annat.<\/p>\n<p>Tabellen kan ocks\u00e5 anv\u00e4ndas n\u00e4r man vill ha v\u00e4rmev\u00e4xlaren f\u00f6r oljetypen\u00a0<strong>ISO VG220<\/strong><br \/>\nOljans temperaturer 65 &#8211; 50 \u00baC<br \/>\nOljans tryckfall under 200 kPa<br \/>\nKylvattnets temperaturer 25 &#8211; 32 \u00baC.<br \/>\nKylvattnets tryckfall 35 kPa<\/p>\n<p>R\u00e5d: V\u00e4lj horisontal rad i tabellen som ligger n\u00e4rmast ursprungsv\u00e4rden \u201cOljefl\u00f6de\u201d. ISO VG 220 motsvarande v\u00e4rmev\u00e4xlar typ \u00e4r p\u00e5 f\u00f6ljande horisontal rad. Exempel: Olja typen \u00e4r VG 220 och oljefl\u00f6det \u00e4r 70 L\/min. V\u00e4rmev\u00e4xlar typ \u00e4r 240-120-35H.<\/p>\n<p>[\/et_pb_text][\/et_pb_column][\/et_pb_row][\/et_pb_section]<\/p>\n","protected":false},"excerpt":{"rendered":"<p>RAUCELL HYDRAULIK OLJEKYLARE; SERIE-H Typ Kyleffekt Oljefl\u00f6de Vattenfl\u00f6de Anslutningar M\u00e5tt Vikt kW L\/min L\/min \u03a6\/S kg 240-120-9H 10 26 20 R3\/4&#8243; 240\/52 15 240-120-15H 18 47 36 R3\/4&#8243; 240\/63 17 240-120-23H 27 70 55 R1&#8243; 240\/80 19 240-120-35H 40 105 81 R1&#8243; 240\/106 23 240-120-51H 58 151 118 NS40 240\/142 27 240-120-81H 92 239 188 [&hellip;]<\/p>\n","protected":false},"author":1,"featured_media":0,"parent":0,"menu_order":0,"comment_status":"closed","ping_status":"closed","template":"","meta":{"_et_pb_use_builder":"on","_et_pb_old_content":"","_et_gb_content_width":"","footnotes":""},"class_list":["post-193","page","type-page","status-publish","hentry"],"_links":{"self":[{"href":"https:\/\/raucell.fi\/sv\/wp-json\/wp\/v2\/pages\/193","targetHints":{"allow":["GET"]}}],"collection":[{"href":"https:\/\/raucell.fi\/sv\/wp-json\/wp\/v2\/pages"}],"about":[{"href":"https:\/\/raucell.fi\/sv\/wp-json\/wp\/v2\/types\/page"}],"author":[{"embeddable":true,"href":"https:\/\/raucell.fi\/sv\/wp-json\/wp\/v2\/users\/1"}],"replies":[{"embeddable":true,"href":"https:\/\/raucell.fi\/sv\/wp-json\/wp\/v2\/comments?post=193"}],"version-history":[{"count":2,"href":"https:\/\/raucell.fi\/sv\/wp-json\/wp\/v2\/pages\/193\/revisions"}],"predecessor-version":[{"id":297,"href":"https:\/\/raucell.fi\/sv\/wp-json\/wp\/v2\/pages\/193\/revisions\/297"}],"wp:attachment":[{"href":"https:\/\/raucell.fi\/sv\/wp-json\/wp\/v2\/media?parent=193"}],"curies":[{"name":"wp","href":"https:\/\/api.w.org\/{rel}","templated":true}]}}