{"id":175,"date":"2017-10-11T14:11:37","date_gmt":"2017-10-11T11:11:37","guid":{"rendered":"https:\/\/raucell.fi\/etusivu\/"},"modified":"2020-08-27T15:46:48","modified_gmt":"2020-08-27T12:46:48","slug":"etusivu","status":"publish","type":"page","link":"https:\/\/raucell.fi\/sv\/","title":{"rendered":"Hem"},"content":{"rendered":"<p>[et_pb_section fb_built=&#8221;1&#8243; module_id=&#8221;quality&#8221; _builder_version=&#8221;3.22&#8243;][et_pb_row _builder_version=&#8221;3.25&#8243;][et_pb_column type=&#8221;4_4&#8243; _builder_version=&#8221;3.0.47&#8243; custom_padding=&#8221;|||&#8221; custom_padding__hover=&#8221;|||&#8221;][et_pb_text _builder_version=&#8221;3.27.4&#8243; text_font=&#8221;Crete Round|on|on||&#8221; text_text_color=&#8221;#D40D15&#8243; text_font_size=&#8221;36px&#8221; header_font=&#8221;||||&#8221; text_orientation=&#8221;center&#8221; module_alignment=&#8221;center&#8221;]Quality for all<br \/>\n[\/et_pb_text][\/et_pb_column][\/et_pb_row][\/et_pb_section][et_pb_section fb_built=&#8221;1&#8243; fullwidth=&#8221;on&#8221; _builder_version=&#8221;4.5.6&#8243; _module_preset=&#8221;default&#8221;][et_pb_fullwidth_header title=&#8221;Vahterus Oy acquired Raucell&#8217;s business on July 31, 2020&#8243; _builder_version=&#8221;4.6.0&#8243; _module_preset=&#8221;default&#8221;]<\/p>\n<p>Production of Raucell&#8217;s product will continue in Riihim\u00e4ki and sales will be transferred to Vahterus sales organization. The entire business of plate heat exchangers manufactured under the Raucell brand will be transferred to Vahterus business from August.<\/p>\n<p>For existing orders and requests for quotations, please contact the addresses below:<br \/>\nville.kesala(at)vahterus.com<br \/>\nor sales(at)vahterus.com<\/p>\n<p>[\/et_pb_fullwidth_header][\/et_pb_section][et_pb_section fb_built=&#8221;1&#8243; _builder_version=&#8221;3.22&#8243;][et_pb_row column_structure=&#8221;1_2,1_4,1_4&#8243; use_custom_gutter=&#8221;on&#8221; gutter_width=&#8221;3&#8243; module_class=&#8221; et_pb_row_fullwidth et_pb_row_fullwidth&#8221; _builder_version=&#8221;3.25&#8243; width=&#8221;89%&#8221; width_tablet=&#8221;80%&#8221; width_phone=&#8221;&#8221; width_last_edited=&#8221;on|desktop&#8221; max_width=&#8221;89%&#8221; max_width_tablet=&#8221;80%&#8221; max_width_phone=&#8221;&#8221; max_width_last_edited=&#8221;on|desktop&#8221; make_fullwidth=&#8221;on&#8221;][et_pb_column type=&#8221;1_2&#8243; _builder_version=&#8221;3.0.47&#8243; custom_padding=&#8221;|||&#8221; custom_padding__hover=&#8221;|||&#8221;][et_pb_text module_id=&#8221;fp-intro&#8221; _builder_version=&#8221;4.5.6&#8243; border_style=&#8221;solid&#8221;]<\/p>\n<h1>HELT SYRAFAST RAUCELL PLATTV\u00c4RMEV\u00c4XLARE<\/h1>\n<ul>\n<li>Helt svetsad konstruktion \u2013 Prim\u00e4ra och sekund\u00e4ra kretsar och alla ytor av syrafast rostfritt st\u00e5l, AISI316L eller SMO254.<\/li>\n<li>Uttag p\u00e5 v\u00e4rmev\u00e4xlarens kant. Inga fl\u00f6deh\u00e5l i v\u00e4rmev\u00e4xlarens plattor. Hela ytan \u00f6verf\u00f6r v\u00e4rme.<\/li>\n<li>Plattorna \u00e4r svetsade ihop p\u00e5 kanterna och bildar yttre manteln. Inga t\u00e4tningar.<\/li>\n<li>Inga f\u00e4stpunkter mellan plattorna som samlar smuts. Inga l\u00f6sliga vattenfauna, giftiga l\u00f6dningsplattor av koppar eller av andra metaller.<\/li>\n<li>Valfria uttagstorlekar. F\u00e4rdiga spol- och CIP-diskkoplingar. Milj\u00f6v\u00e4nlig CIP-disk av organisk smuts med lutvatten som kan ledas direkt till avloppet.<\/li>\n<\/ul>\n<p>[\/et_pb_text][\/et_pb_column][et_pb_column type=&#8221;1_4&#8243; _builder_version=&#8221;3.0.47&#8243; custom_padding=&#8221;|||&#8221; custom_padding__hover=&#8221;|||&#8221;][et_pb_image src=&#8221;https:\/\/raucell.fi\/wp-content\/uploads\/2017\/10\/raucell_prod-rt.jpg&#8221; align_tablet=&#8221;center&#8221; align_phone=&#8221;&#8221; align_last_edited=&#8221;on|desktop&#8221; _builder_version=&#8221;3.23&#8243; border_style=&#8221;solid&#8221; animation=&#8221;off&#8221; sticky=&#8221;off&#8221; always_center_on_mobile=&#8221;on&#8221;][\/et_pb_image][et_pb_text module_id=&#8221;kayttoalueita&#8221; _builder_version=&#8221;3.27.4&#8243; border_style=&#8221;solid&#8221;]<\/p>\n<h3>ANV\u00c4NDINGSOMR\u00c5DEN<\/h3>\n<ul>\n<li>Papper- och massaindustrin<\/li>\n<li>Livsmedelindustrin<\/li>\n<li>Energi-industrin<\/li>\n<li>Kemi-industrin<\/li>\n<li>Metallindustrin<\/li>\n<li>Kylteknik<\/li>\n<li>Marinindustrin<\/li>\n<li>Byggindustrin<\/li>\n<li>Kundernas specialtill\u00e4mpningar<\/li>\n<\/ul>\n<p>[\/et_pb_text][\/et_pb_column][et_pb_column type=&#8221;1_4&#8243; _builder_version=&#8221;3.0.47&#8243; custom_padding=&#8221;|||&#8221; custom_padding__hover=&#8221;|||&#8221;][et_pb_image src=&#8221;https:\/\/raucell.fi\/wp-content\/uploads\/2017\/10\/achema-2018.jpg&#8221; url=&#8221;http:\/\/www.achema.de\/en&#8221; url_new_window=&#8221;on&#8221; align_tablet=&#8221;center&#8221; align_phone=&#8221;&#8221; align_last_edited=&#8221;on|desktop&#8221; _builder_version=&#8221;3.23&#8243; animation_style=&#8221;slide&#8221; animation_direction=&#8221;right&#8221; animation_duration=&#8221;500ms&#8221; animation_intensity_slide=&#8221;10%&#8221; border_style=&#8221;solid&#8221; animation=&#8221;right&#8221; sticky=&#8221;off&#8221; always_center_on_mobile=&#8221;on&#8221;][\/et_pb_image][\/et_pb_column][\/et_pb_row][\/et_pb_section][et_pb_section fb_built=&#8221;1&#8243; module_id=&#8221;footteri&#8221; _builder_version=&#8221;3.0.71&#8243; background_image=&#8221;https:\/\/raucell.fi\/wp-content\/uploads\/2017\/10\/footer-bg.jpg&#8221; background_size=&#8221;initial&#8221; background_repeat=&#8221;repeat&#8221; global_module=&#8221;289&#8243;][et_pb_row column_structure=&#8221;1_4,1_2,1_4&#8243; module_class=&#8221; et_pb_row_fullwidth et_pb_row_fullwidth et_pb_row_fullwidth et_pb_row_fullwidth&#8221; _builder_version=&#8221;3.25&#8243; width=&#8221;94%&#8221; width_tablet=&#8221;80%&#8221; width_phone=&#8221;&#8221; width_last_edited=&#8221;on|desktop&#8221; max_width=&#8221;94%&#8221; max_width_tablet=&#8221;80%&#8221; max_width_phone=&#8221;&#8221; max_width_last_edited=&#8221;on|desktop&#8221; make_fullwidth=&#8221;on&#8221;][et_pb_column type=&#8221;1_4&#8243; _builder_version=&#8221;3.0.47&#8243; custom_padding=&#8221;|||&#8221; custom_padding__hover=&#8221;|||&#8221;][et_pb_text _builder_version=&#8221;4.6.0&#8243; hover_enabled=&#8221;0&#8243; z_index_tablet=&#8221;500&#8243; text_text_shadow_horizontal_length_tablet=&#8221;0px&#8221; text_text_shadow_vertical_length_tablet=&#8221;0px&#8221; text_text_shadow_blur_strength_tablet=&#8221;1px&#8221; link_text_shadow_horizontal_length_tablet=&#8221;0px&#8221; link_text_shadow_vertical_length_tablet=&#8221;0px&#8221; link_text_shadow_blur_strength_tablet=&#8221;1px&#8221; ul_text_shadow_horizontal_length_tablet=&#8221;0px&#8221; ul_text_shadow_vertical_length_tablet=&#8221;0px&#8221; ul_text_shadow_blur_strength_tablet=&#8221;1px&#8221; ol_text_shadow_horizontal_length_tablet=&#8221;0px&#8221; ol_text_shadow_vertical_length_tablet=&#8221;0px&#8221; ol_text_shadow_blur_strength_tablet=&#8221;1px&#8221; quote_text_shadow_horizontal_length_tablet=&#8221;0px&#8221; quote_text_shadow_vertical_length_tablet=&#8221;0px&#8221; quote_text_shadow_blur_strength_tablet=&#8221;1px&#8221; header_text_shadow_horizontal_length_tablet=&#8221;0px&#8221; header_text_shadow_vertical_length_tablet=&#8221;0px&#8221; header_text_shadow_blur_strength_tablet=&#8221;1px&#8221; header_2_text_shadow_horizontal_length_tablet=&#8221;0px&#8221; header_2_text_shadow_vertical_length_tablet=&#8221;0px&#8221; header_2_text_shadow_blur_strength_tablet=&#8221;1px&#8221; header_3_text_shadow_horizontal_length_tablet=&#8221;0px&#8221; header_3_text_shadow_vertical_length_tablet=&#8221;0px&#8221; header_3_text_shadow_blur_strength_tablet=&#8221;1px&#8221; header_4_text_shadow_horizontal_length_tablet=&#8221;0px&#8221; header_4_text_shadow_vertical_length_tablet=&#8221;0px&#8221; header_4_text_shadow_blur_strength_tablet=&#8221;1px&#8221; header_5_text_shadow_horizontal_length_tablet=&#8221;0px&#8221; header_5_text_shadow_vertical_length_tablet=&#8221;0px&#8221; header_5_text_shadow_blur_strength_tablet=&#8221;1px&#8221; header_6_text_shadow_horizontal_length_tablet=&#8221;0px&#8221; header_6_text_shadow_vertical_length_tablet=&#8221;0px&#8221; header_6_text_shadow_blur_strength_tablet=&#8221;1px&#8221; box_shadow_horizontal_tablet=&#8221;0px&#8221; box_shadow_vertical_tablet=&#8221;0px&#8221; box_shadow_blur_tablet=&#8221;40px&#8221; box_shadow_spread_tablet=&#8221;0px&#8221; sticky_enabled=&#8221;0&#8243;]<\/p>\n<h3>Kontakt Information<\/h3>\n<div class=\"contactBox\">\n<p><strong>Raucell Oy<\/strong><\/p>\n<p>Tehdaskyl\u00e4nkatu 11 B<br \/> FI-11710 Riihim\u00e4ki, Finland<\/p>\n<p>GSM +358 44 742 7035<br \/> Tel. +358 19 739 554<br \/> E-mail:&nbsp;<a href=\"mailto:sales@vahterus.com\">sales[at]vahterus.com<\/a><br \/> www.raucell.com<\/p>\n<\/div>\n<p>[\/et_pb_text][\/et_pb_column][et_pb_column type=&#8221;1_2&#8243; _builder_version=&#8221;3.0.47&#8243; custom_padding=&#8221;|||&#8221; custom_padding__hover=&#8221;|||&#8221;][et_pb_text _builder_version=&#8221;3.27.4&#8243; border_style=&#8221;solid&#8221;]<\/p>\n<h3>Patent<\/h3>\n<p>Uppfinningen avser en \u00e4ndkonstruktion till ett tryckk\u00e4rl, mest l\u00e4mpligen till en v\u00e4rmev\u00e4xlare av plattyp, f\u00f6r att minska p\u00e5verkningarna av r\u00f6relse\u00e4ndringar och vibrationer orsakade av variationer i det inre trycket och temperaturen. Det v\u00e4sentliga med uppfinningen \u00e4r att \u00e4nden \u00e4r uppbyggd av en v\u00e4rmev\u00e4xlarplatta 1 och av ett \u00e4ndparti 3 s\u00e5, att \u00e4ndpartiet 3 genom svetsning \u00e4r fogat till v\u00e4rmev\u00e4xlarpaketets 8 yttre mantel s\u00e5, att det bildar en sluten kammare 5 i v\u00e4rmev\u00e4xlarens \u00e4nde, i vilken kammarae 5 det f\u00f6rs in och\/eller skapas ett tryck 7 som \u00e4r h\u00f6gre \u00e4n den utv\u00e4ndiga trycknivr\u00e5n och som genom f\u00f6rmedling av v\u00e4rmev\u00e4xlarplattan 1 tar emot och d\u00e4mpar den vibration och de tryckslag som f\u00f6rekommer i v\u00e4rmev\u00e4xlarens mediekretsar och som \u00e4r skadliga f\u00f6r v\u00e4rmev\u00e4xlarens konstruktion.<\/p>\n<p>FI126717 B (2017)<\/p>\n<table>\n<tbody>\n<tr>\n<td><strong>Teknologi<\/strong><br \/>\nEPO 0903554 B1 (2004)<br \/>\nFI 79409 (1989 Original)<\/td>\n<td><strong>Teknologi Licensering<\/strong><\/td>\n<\/tr>\n<\/tbody>\n<\/table>\n<p>[\/et_pb_text][\/et_pb_column][et_pb_column type=&#8221;1_4&#8243; _builder_version=&#8221;3.0.47&#8243; custom_padding=&#8221;|||&#8221; custom_padding__hover=&#8221;|||&#8221;][et_pb_image src=&#8221;https:\/\/raucell.fi\/wp-content\/uploads\/2017\/10\/patent.png&#8221; show_in_lightbox=&#8221;on&#8221; align=&#8221;center&#8221; align_tablet=&#8221;center&#8221; align_phone=&#8221;&#8221; align_last_edited=&#8221;on|desktop&#8221; _builder_version=&#8221;3.23&#8243; max_width=&#8221;230px&#8221; custom_css_main_element=&#8221;border:solid 1px #ccc;&#8221; animation=&#8221;off&#8221;][\/et_pb_image][\/et_pb_column][\/et_pb_row][\/et_pb_section]<\/p>\n","protected":false},"excerpt":{"rendered":"<p>Quality for all Production of Raucell&#8217;s product will continue in Riihim\u00e4ki and sales will be transferred to Vahterus sales organization. The entire business of plate heat exchangers manufactured under the Raucell brand will be transferred to Vahterus business from August. For existing orders and requests for quotations, please contact the addresses below: ville.kesala(at)vahterus.com or sales(at)vahterus.comHELT [&hellip;]<\/p>\n","protected":false},"author":1,"featured_media":0,"parent":0,"menu_order":0,"comment_status":"closed","ping_status":"closed","template":"","meta":{"_et_pb_use_builder":"on","_et_pb_old_content":"","_et_gb_content_width":"","footnotes":""},"class_list":["post-175","page","type-page","status-publish","hentry"],"_links":{"self":[{"href":"https:\/\/raucell.fi\/sv\/wp-json\/wp\/v2\/pages\/175","targetHints":{"allow":["GET"]}}],"collection":[{"href":"https:\/\/raucell.fi\/sv\/wp-json\/wp\/v2\/pages"}],"about":[{"href":"https:\/\/raucell.fi\/sv\/wp-json\/wp\/v2\/types\/page"}],"author":[{"embeddable":true,"href":"https:\/\/raucell.fi\/sv\/wp-json\/wp\/v2\/users\/1"}],"replies":[{"embeddable":true,"href":"https:\/\/raucell.fi\/sv\/wp-json\/wp\/v2\/comments?post=175"}],"version-history":[{"count":14,"href":"https:\/\/raucell.fi\/sv\/wp-json\/wp\/v2\/pages\/175\/revisions"}],"predecessor-version":[{"id":3511,"href":"https:\/\/raucell.fi\/sv\/wp-json\/wp\/v2\/pages\/175\/revisions\/3511"}],"wp:attachment":[{"href":"https:\/\/raucell.fi\/sv\/wp-json\/wp\/v2\/media?parent=175"}],"curies":[{"name":"wp","href":"https:\/\/api.w.org\/{rel}","templated":true}]}}