{"id":219,"date":"2017-10-11T14:21:37","date_gmt":"2017-10-11T11:21:37","guid":{"rendered":"https:\/\/raucell.fi\/yritys\/"},"modified":"2017-10-12T16:04:02","modified_gmt":"2017-10-12T13:04:02","slug":"firmast","status":"publish","type":"page","link":"https:\/\/raucell.fi\/et\/firmast\/","title":{"rendered":"Firmast"},"content":{"rendered":"<p>[et_pb_section bb_built=&#8221;1&#8243; _builder_version=&#8221;3.0.71&#8243;][et_pb_row _builder_version=&#8221;3.0.71&#8243; background_repeat_1=&#8221;no-repeat&#8221; make_fullwidth=&#8221;on&#8221;][et_pb_column type=&#8221;3_4&#8243;][et_pb_text _builder_version=&#8221;3.0.71&#8243; background_layout=&#8221;light&#8221; text_orientation=&#8221;left&#8221; border_style=&#8221;solid&#8221;]<\/p>\n<h1>Firmast<\/h1>\n<p>Raucell Oy on Soome soojusvahetitega tegelev erafirma, mis on asutatud 1988. aastal. Firma loodi seet\u00f5ttu, et oli tarvis v\u00e4lja arendada oma patendil p\u00f5hinev uus soojusvaheti \u2013 \u00fcleni keevitatud plaatsoojusvaheti.<\/p>\n<p>RauCell\u2019i soojusvaheti esindab k\u00f5ige progressiivsemat ja uuemat k\u00f5rgtehnoloogiat. Mitte kuskil mujal maailmas seda ei valmistata. Raucell Oy on v\u00e4lja t\u00f6\u00f6tanud soojusvaheti enda ja selle tootmisprotsessi.<\/p>\n<p>Esimesed tarned klientidele toimusid 1994. aastal. Kliendid on t\u00f6\u00f6tlevast t\u00f6\u00f6stusest kuni k\u00fctte-, ventilatsiooni- ja \u00f5hu konditsioneerimise s\u00fcsteemide ehitajateni, \u00fcksikisikustest kuni masinaehitustehaste ja erirakendusteni arendajateni v\u00e4lja. Eri kasutusv\u00f5imalusi on v\u00e4ga palju.<\/p>\n<p>[\/et_pb_text][\/et_pb_column][et_pb_column type=&#8221;1_4&#8243;][et_pb_image _builder_version=&#8221;3.0.71&#8243; src=&#8221;https:\/\/raucell.fi\/wp-content\/uploads\/2017\/10\/teollisuushalli.jpg&#8221; show_in_lightbox=&#8221;off&#8221; url_new_window=&#8221;off&#8221; use_overlay=&#8221;off&#8221; sticky=&#8221;off&#8221; align=&#8221;center&#8221; always_center_on_mobile=&#8221;on&#8221; border_style=&#8221;solid&#8221; force_fullwidth=&#8221;off&#8221; animation=&#8221;right&#8221; \/][\/et_pb_column][\/et_pb_row][\/et_pb_section]<\/p>\n","protected":false},"excerpt":{"rendered":"<p>Firmast Raucell Oy on Soome soojusvahetitega tegelev erafirma, mis on asutatud 1988. aastal. Firma loodi seet\u00f5ttu, et oli tarvis v\u00e4lja arendada oma patendil p\u00f5hinev uus soojusvaheti \u2013 \u00fcleni keevitatud plaatsoojusvaheti. RauCell\u2019i soojusvaheti esindab k\u00f5ige progressiivsemat ja uuemat k\u00f5rgtehnoloogiat. Mitte kuskil mujal maailmas seda ei valmistata. Raucell Oy on v\u00e4lja t\u00f6\u00f6tanud soojusvaheti enda ja selle tootmisprotsessi. [&hellip;]<\/p>\n","protected":false},"author":1,"featured_media":0,"parent":0,"menu_order":0,"comment_status":"closed","ping_status":"closed","template":"","meta":{"_et_pb_use_builder":"on","_et_pb_old_content":"","_et_gb_content_width":"","footnotes":""},"class_list":["post-219","page","type-page","status-publish","hentry"],"_links":{"self":[{"href":"https:\/\/raucell.fi\/et\/wp-json\/wp\/v2\/pages\/219","targetHints":{"allow":["GET"]}}],"collection":[{"href":"https:\/\/raucell.fi\/et\/wp-json\/wp\/v2\/pages"}],"about":[{"href":"https:\/\/raucell.fi\/et\/wp-json\/wp\/v2\/types\/page"}],"author":[{"embeddable":true,"href":"https:\/\/raucell.fi\/et\/wp-json\/wp\/v2\/users\/1"}],"replies":[{"embeddable":true,"href":"https:\/\/raucell.fi\/et\/wp-json\/wp\/v2\/comments?post=219"}],"version-history":[{"count":2,"href":"https:\/\/raucell.fi\/et\/wp-json\/wp\/v2\/pages\/219\/revisions"}],"predecessor-version":[{"id":271,"href":"https:\/\/raucell.fi\/et\/wp-json\/wp\/v2\/pages\/219\/revisions\/271"}],"wp:attachment":[{"href":"https:\/\/raucell.fi\/et\/wp-json\/wp\/v2\/media?parent=219"}],"curies":[{"name":"wp","href":"https:\/\/api.w.org\/{rel}","templated":true}]}}