{"id":211,"date":"2017-10-11T14:19:59","date_gmt":"2017-10-11T11:19:59","guid":{"rendered":"https:\/\/raucell.fi\/valiaineluettelo\/"},"modified":"2017-10-12T15:56:58","modified_gmt":"2017-10-12T12:56:58","slug":"vedelikud","status":"publish","type":"page","link":"https:\/\/raucell.fi\/et\/vedelikud\/","title":{"rendered":"Vedelikud"},"content":{"rendered":"<p>[et_pb_section bb_built=&#8221;1&#8243; _builder_version=&#8221;3.0.71&#8243;][et_pb_row _builder_version=&#8221;3.0.71&#8243; background_repeat_1=&#8221;no-repeat&#8221; make_fullwidth=&#8221;on&#8221;][et_pb_column type=&#8221;4_4&#8243;][et_pb_text _builder_version=&#8221;3.0.71&#8243; background_layout=&#8221;light&#8221; text_orientation=&#8221;left&#8221; border_style=&#8221;solid&#8221;]<\/p>\n<h1>VEDELIKUD<\/h1>\n<p>RauCell\u2019i plaatsoojusvahetid sobivad vedelikest kuni gaasideni ja aurust kuni viskoossete vedelikeni.<\/p>\n<p>&nbsp;<\/p>\n<ul>\n<li>Vesi<\/li>\n<li>Aur<\/li>\n<li>Vesi-gl\u00fckool<\/li>\n<li>Metanool, etanool, propanool ja mitmesugused keemilised vedelikud<\/li>\n<li>Antifriisid<\/li>\n<li>\u00d5lid<\/li>\n<li>K\u00fclmad ained, n\u00e4iteks l\u00e4mmastik ja R<\/li>\n<li>Mitmesugused pesulahused, sealhulgas leelisvesi<\/li>\n<li>Soolvesi madalatel temperatuuridel<\/li>\n<li>\u00d5hk<\/li>\n<\/ul>\n<p>[\/et_pb_text][\/et_pb_column][\/et_pb_row][\/et_pb_section]<\/p>\n","protected":false},"excerpt":{"rendered":"<p>VEDELIKUD RauCell\u2019i plaatsoojusvahetid sobivad vedelikest kuni gaasideni ja aurust kuni viskoossete vedelikeni. &nbsp; Vesi Aur Vesi-gl\u00fckool Metanool, etanool, propanool ja mitmesugused keemilised vedelikud Antifriisid \u00d5lid K\u00fclmad ained, n\u00e4iteks l\u00e4mmastik ja R Mitmesugused pesulahused, sealhulgas leelisvesi Soolvesi madalatel temperatuuridel \u00d5hk<\/p>\n","protected":false},"author":1,"featured_media":0,"parent":0,"menu_order":0,"comment_status":"closed","ping_status":"closed","template":"","meta":{"_et_pb_use_builder":"on","_et_pb_old_content":"","_et_gb_content_width":"","footnotes":""},"class_list":["post-211","page","type-page","status-publish","hentry"],"_links":{"self":[{"href":"https:\/\/raucell.fi\/et\/wp-json\/wp\/v2\/pages\/211","targetHints":{"allow":["GET"]}}],"collection":[{"href":"https:\/\/raucell.fi\/et\/wp-json\/wp\/v2\/pages"}],"about":[{"href":"https:\/\/raucell.fi\/et\/wp-json\/wp\/v2\/types\/page"}],"author":[{"embeddable":true,"href":"https:\/\/raucell.fi\/et\/wp-json\/wp\/v2\/users\/1"}],"replies":[{"embeddable":true,"href":"https:\/\/raucell.fi\/et\/wp-json\/wp\/v2\/comments?post=211"}],"version-history":[{"count":1,"href":"https:\/\/raucell.fi\/et\/wp-json\/wp\/v2\/pages\/211\/revisions"}],"predecessor-version":[{"id":263,"href":"https:\/\/raucell.fi\/et\/wp-json\/wp\/v2\/pages\/211\/revisions\/263"}],"wp:attachment":[{"href":"https:\/\/raucell.fi\/et\/wp-json\/wp\/v2\/media?parent=211"}],"curies":[{"name":"wp","href":"https:\/\/api.w.org\/{rel}","templated":true}]}}