{"id":207,"date":"2017-10-11T14:21:30","date_gmt":"2017-10-11T11:21:30","guid":{"rendered":"https:\/\/raucell.fi\/vedenlammittimet-sarja-w\/"},"modified":"2017-10-12T15:59:30","modified_gmt":"2017-10-12T12:59:30","slug":"veekuumutid","status":"publish","type":"page","link":"https:\/\/raucell.fi\/et\/veekuumutid\/","title":{"rendered":"Veekuumutid"},"content":{"rendered":"<p>[et_pb_section bb_built=&#8221;1&#8243; _builder_version=&#8221;3.0.71&#8243;][et_pb_row _builder_version=&#8221;3.0.71&#8243; background_repeat_1=&#8221;no-repeat&#8221; make_fullwidth=&#8221;on&#8221;][et_pb_column type=&#8221;4_4&#8243;][et_pb_text _builder_version=&#8221;3.0.71&#8243; background_layout=&#8221;light&#8221; text_orientation=&#8221;left&#8221; border_style=&#8221;solid&#8221;]<\/p>\n<h1>VEEKUUMUTID: SEERIA W<\/h1>\n<p>Allpool olevas n\u00e4ites kuumutatakse vett boilerivee abil. Boilerivee temperatuur on 90-40\u00baC ja vee temperatuur on 5-55\u00baC. Veevool on m\u00f5lemas ahelas \u00fchesugune. R\u00f5hulangus soojusvahetis on m\u00f5lema ahela puhul u 25 kPa (0,25 baari).<\/p>\n<table class=\"taulukko\">\n<tbody>\n<tr>\n<td><strong>T\u00fc\u00fcp<\/strong><\/td>\n<td><strong>Soojendus-v\u00f5imsus<\/strong><\/td>\n<td><strong>Veevool<\/strong><\/td>\n<td><strong>M\u00f5\u00f5tmed<\/strong><\/td>\n<td><strong>Mass<\/strong><\/td>\n<\/tr>\n<tr>\n<td><\/td>\n<td><strong>kW<\/strong><\/td>\n<td><strong>m\u00b3\/h<\/strong><\/td>\n<td><strong>\u03a6\/S<\/strong><\/td>\n<td><strong>kg<\/strong><\/td>\n<\/tr>\n<tr>\n<td>240-120-9W<\/td>\n<td>73<\/td>\n<td>1,3<\/td>\n<td>240\/56<\/td>\n<td>15<\/td>\n<\/tr>\n<tr>\n<td>240-120-15W<\/td>\n<td>127<\/td>\n<td>2,2<\/td>\n<td>240\/70<\/td>\n<td>17<\/td>\n<\/tr>\n<tr>\n<td>240-120-23W<\/td>\n<td>200<\/td>\n<td>3,5<\/td>\n<td>240\/86<\/td>\n<td>19<\/td>\n<\/tr>\n<tr>\n<td>240-120-35W<\/td>\n<td>309<\/td>\n<td>5,3<\/td>\n<td>240\/112<\/td>\n<td>23<\/td>\n<\/tr>\n<tr>\n<td>240-120-51W<\/td>\n<td>454<\/td>\n<td>7,8<\/td>\n<td>240\/152<\/td>\n<td>27<\/td>\n<\/tr>\n<tr>\n<td>240-120-81W<\/td>\n<td>727<\/td>\n<td>12,5<\/td>\n<td>240\/220<\/td>\n<td>33<\/td>\n<\/tr>\n<tr>\n<td>240-120-105W<\/td>\n<td>945<\/td>\n<td>16,3<\/td>\n<td>240\/276<\/td>\n<td>41<\/td>\n<\/tr>\n<tr>\n<td>240-120-135W<\/td>\n<td>1218<\/td>\n<td>21,0<\/td>\n<td>240\/346<\/td>\n<td>48<\/td>\n<\/tr>\n<tr>\n<td>240-120-151W<\/td>\n<td>1363<\/td>\n<td>23,4<\/td>\n<td>240\/383<\/td>\n<td>53<\/td>\n<\/tr>\n<\/tbody>\n<\/table>\n<p>\u03a6 = l\u00e4bim\u00f5\u00f5t (mm)<br \/>\nS = paketi paksus (mm)<\/p>\n<p>Allpool olevas n\u00e4ites kuumutatakse vett boilerivee abil. Boilerivee temperatuur on 85-65\u00baC ja vee temperatuur on 50-70\u00baC. Veevool on m\u00f5lemas ahelas \u00fchesugune. R\u00f5hulangus soojusvahetis on m\u00f5lema ahela puhul u 20 kPa (0,20 baari).<\/p>\n<p>&nbsp;<\/p>\n<table class=\"taulukko\">\n<tbody>\n<tr>\n<td><strong>T\u00fc\u00fcp<\/strong><\/td>\n<td><strong>Soojendus-v\u00f5imsus<\/strong><\/td>\n<td><strong>Veevool<\/strong><\/td>\n<td><strong>M\u00f5\u00f5tmed<\/strong><\/td>\n<td><strong>Mass<\/strong><\/td>\n<\/tr>\n<tr>\n<td><\/td>\n<td><strong>kW<\/strong><\/td>\n<td><strong>m\u00b3\/h<\/strong><\/td>\n<td><strong>\u03a6\/S<\/strong><\/td>\n<td><strong>kg<\/strong><\/td>\n<\/tr>\n<tr>\n<td>240-120-9W<\/td>\n<td>27<\/td>\n<td>1,2<\/td>\n<td>240\/56<\/td>\n<td>15<\/td>\n<\/tr>\n<tr>\n<td>240-120-15W<\/td>\n<td>47<\/td>\n<td>2,0<\/td>\n<td>240\/70<\/td>\n<td>17<\/td>\n<\/tr>\n<tr>\n<td>240-120-23W<\/td>\n<td>75<\/td>\n<td>3,2<\/td>\n<td>240\/86<\/td>\n<td>19<\/td>\n<\/tr>\n<tr>\n<td>240-120-35W<\/td>\n<td>115<\/td>\n<td>4,9<\/td>\n<td>240\/112<\/td>\n<td>23<\/td>\n<\/tr>\n<tr>\n<td>240-120-51W<\/td>\n<td>169<\/td>\n<td>7,3<\/td>\n<td>240\/152<\/td>\n<td>27<\/td>\n<\/tr>\n<tr>\n<td>240-120-81W<\/td>\n<td>270<\/td>\n<td>11,6<\/td>\n<td>240\/220<\/td>\n<td>33<\/td>\n<\/tr>\n<tr>\n<td>240-120-105W<\/td>\n<td>353<\/td>\n<td>15,1<\/td>\n<td>240\/276<\/td>\n<td>41<\/td>\n<\/tr>\n<tr>\n<td>240-120-135W<\/td>\n<td>452<\/td>\n<td>19,4<\/td>\n<td>240\/346<\/td>\n<td>48<\/td>\n<\/tr>\n<tr>\n<td>240-120-151W<\/td>\n<td>506<\/td>\n<td>21,7<\/td>\n<td>240\/383<\/td>\n<td>53<\/td>\n<\/tr>\n<\/tbody>\n<\/table>\n<p>\u03a6 = l\u00e4bim\u00f5\u00f5t (mm)<br \/>\nS = paketi paksus (mm)<\/p>\n<p>[\/et_pb_text][\/et_pb_column][\/et_pb_row][\/et_pb_section]<\/p>\n","protected":false},"excerpt":{"rendered":"<p>VEEKUUMUTID: SEERIA W Allpool olevas n\u00e4ites kuumutatakse vett boilerivee abil. Boilerivee temperatuur on 90-40\u00baC ja vee temperatuur on 5-55\u00baC. Veevool on m\u00f5lemas ahelas \u00fchesugune. R\u00f5hulangus soojusvahetis on m\u00f5lema ahela puhul u 25 kPa (0,25 baari). T\u00fc\u00fcp Soojendus-v\u00f5imsus Veevool M\u00f5\u00f5tmed Mass kW m\u00b3\/h \u03a6\/S kg 240-120-9W 73 1,3 240\/56 15 240-120-15W 127 2,2 240\/70 17 240-120-23W [&hellip;]<\/p>\n","protected":false},"author":1,"featured_media":0,"parent":0,"menu_order":0,"comment_status":"closed","ping_status":"closed","template":"","meta":{"_et_pb_use_builder":"on","_et_pb_old_content":"","_et_gb_content_width":"","footnotes":""},"class_list":["post-207","page","type-page","status-publish","hentry"],"_links":{"self":[{"href":"https:\/\/raucell.fi\/et\/wp-json\/wp\/v2\/pages\/207","targetHints":{"allow":["GET"]}}],"collection":[{"href":"https:\/\/raucell.fi\/et\/wp-json\/wp\/v2\/pages"}],"about":[{"href":"https:\/\/raucell.fi\/et\/wp-json\/wp\/v2\/types\/page"}],"author":[{"embeddable":true,"href":"https:\/\/raucell.fi\/et\/wp-json\/wp\/v2\/users\/1"}],"replies":[{"embeddable":true,"href":"https:\/\/raucell.fi\/et\/wp-json\/wp\/v2\/comments?post=207"}],"version-history":[{"count":2,"href":"https:\/\/raucell.fi\/et\/wp-json\/wp\/v2\/pages\/207\/revisions"}],"predecessor-version":[{"id":269,"href":"https:\/\/raucell.fi\/et\/wp-json\/wp\/v2\/pages\/207\/revisions\/269"}],"wp:attachment":[{"href":"https:\/\/raucell.fi\/et\/wp-json\/wp\/v2\/media?parent=207"}],"curies":[{"name":"wp","href":"https:\/\/api.w.org\/{rel}","templated":true}]}}