{"id":203,"date":"2017-10-11T14:19:31","date_gmt":"2017-10-11T11:19:31","guid":{"rendered":"https:\/\/raucell.fi\/tuoteominaisuudet\/"},"modified":"2017-10-12T15:54:50","modified_gmt":"2017-10-12T12:54:50","slug":"esitlus","status":"publish","type":"page","link":"https:\/\/raucell.fi\/et\/esitlus\/","title":{"rendered":"Esitlus"},"content":{"rendered":"<p>[et_pb_section bb_built=&#8221;1&#8243; _builder_version=&#8221;3.0.71&#8243;][et_pb_row _builder_version=&#8221;3.0.71&#8243; background_repeat_1=&#8221;no-repeat&#8221; make_fullwidth=&#8221;on&#8221;][et_pb_column type=&#8221;3_4&#8243;][et_pb_text _builder_version=&#8221;3.0.71&#8243; background_layout=&#8221;light&#8221; text_orientation=&#8221;left&#8221; border_style=&#8221;solid&#8221;]<\/p>\n<h1>Esitlus<\/h1>\n<h2>TOOTEINNOVATSIOON<\/h2>\n<p>RauCell\u2019i plaatsoojusvaheteid on alates 1994. aastast kasutatud suures hulgas kliendilahendustes.<\/p>\n<h2>EFEKTIIVNE JA V\u00c4IKE, VASTUPIDAV<\/h2>\n<p>Soojusvaheti plaatidel puuduvad soojus\u00fclekannet v\u00e4hendavad ja vooluhulka piiravad augud. Plaadid on servast kokku keevitatud, nii et see moodustab \u00fchtse ja vastupidava kesta.<\/p>\n<h2>VALMISTATUD \u00dcLENI HAPPEKINDLAST ROOSTEVABAST TERASEST AISI316L<\/h2>\n<p>Primaar- ja sekundaarahelad ning k\u00f5ik pinnad on valmistatud materjalist AISI316L. Happekindel roostevaba teras on suurep\u00e4rane levinud konstruktsioonimaterjal. Plaatidevahelised ruumid on puhtad ning neis puuduvad v\u00f5\u00f5rmetallid.<\/p>\n<h2>SOODNE JA KESKKONNAS\u00d5BRALIK<\/h2>\n<p>Soojusvaheti konstruktsiooni puhul pole kasutatud jootmist ega m\u00fcrgiseid metalle nagu n\u00e4iteks vaske. See sobib h\u00e4sti kasutamiseks ka keemia- ja toiduainetet\u00f6\u00f6stuses. Ka sobib see h\u00fcgieenilistesse ruumidesse.<\/p>\n<h2>KONSTRUKTSIOONIS PUUDUVAD JOOTEKOHAD JA TIHENDID<\/h2>\n<p>Soojusvahetid on \u00fcleni keevitatud. Puuduvad lahustuvad joodised ning lekkivad serva- ja avatihendid.<\/p>\n<h2>V\u00d5IMALIK VALIDA \u00dcHENDUSTE SUURUST, OLEMAS LOPUTUS- JA PESU\u00dcHENDUSED<\/h2>\n<p>V\u00f5imalik on valida j\u00e4rgmiste \u00fchenduste suuruste vahel: G1\/2\u201d, G3\/4\u201d, G1\u201d, DN40, DN50, DN65, DN80, DN100. Loputamist ja pesemist vajavate ahelate puhul on v\u00f5imalik lisa\u00fchendustega varustamine.<\/p>\n<h2>SUUR HULK KASUTUSVALDKONDI<\/h2>\n<p>Vesi, vett sisaldavad vedelikud, (vee)aur, (h\u00fcdraulika)\u00f5lid, kuumad \u00f5lid, k\u00fclmad \u00f5lid, k\u00fctte\u00f5lid, keemilised vedelikud, gaasid, \u00f5hk. Eelmine lehek\u00fclg.<\/p>\n<p>Me t\u00e4idame EL surveseadmete direktiivi 97\/23\/E\u00dc n\u00f5udeid. Lubatav survevahemik on 0-60 baari. Lubatud t\u00f6\u00f6temperatuurid ulatuvad s\u00f5ltuvalt rakendusest miinuskraadidest kuni mitmesaja plusskraadini Celsiuse j\u00e4rgi.<\/p>\n<p>[\/et_pb_text][\/et_pb_column][et_pb_column type=&#8221;1_4&#8243;][et_pb_image _builder_version=&#8221;3.0.71&#8243; src=&#8221;https:\/\/raucell.fi\/wp-content\/uploads\/2017\/10\/tuotekuva.jpg&#8221; show_in_lightbox=&#8221;off&#8221; url_new_window=&#8221;off&#8221; use_overlay=&#8221;off&#8221; sticky=&#8221;off&#8221; align=&#8221;center&#8221; always_center_on_mobile=&#8221;on&#8221; border_style=&#8221;solid&#8221; force_fullwidth=&#8221;off&#8221; animation=&#8221;right&#8221; \/][\/et_pb_column][\/et_pb_row][\/et_pb_section]<\/p>\n","protected":false},"excerpt":{"rendered":"<p>Esitlus TOOTEINNOVATSIOON RauCell\u2019i plaatsoojusvaheteid on alates 1994. aastast kasutatud suures hulgas kliendilahendustes. EFEKTIIVNE JA V\u00c4IKE, VASTUPIDAV Soojusvaheti plaatidel puuduvad soojus\u00fclekannet v\u00e4hendavad ja vooluhulka piiravad augud. Plaadid on servast kokku keevitatud, nii et see moodustab \u00fchtse ja vastupidava kesta. VALMISTATUD \u00dcLENI HAPPEKINDLAST ROOSTEVABAST TERASEST AISI316L Primaar- ja sekundaarahelad ning k\u00f5ik pinnad on valmistatud materjalist AISI316L. Happekindel [&hellip;]<\/p>\n","protected":false},"author":1,"featured_media":0,"parent":0,"menu_order":0,"comment_status":"closed","ping_status":"closed","template":"","meta":{"_et_pb_use_builder":"on","_et_pb_old_content":"","_et_gb_content_width":"","footnotes":""},"class_list":["post-203","page","type-page","status-publish","hentry"],"_links":{"self":[{"href":"https:\/\/raucell.fi\/et\/wp-json\/wp\/v2\/pages\/203","targetHints":{"allow":["GET"]}}],"collection":[{"href":"https:\/\/raucell.fi\/et\/wp-json\/wp\/v2\/pages"}],"about":[{"href":"https:\/\/raucell.fi\/et\/wp-json\/wp\/v2\/types\/page"}],"author":[{"embeddable":true,"href":"https:\/\/raucell.fi\/et\/wp-json\/wp\/v2\/users\/1"}],"replies":[{"embeddable":true,"href":"https:\/\/raucell.fi\/et\/wp-json\/wp\/v2\/comments?post=203"}],"version-history":[{"count":2,"href":"https:\/\/raucell.fi\/et\/wp-json\/wp\/v2\/pages\/203\/revisions"}],"predecessor-version":[{"id":260,"href":"https:\/\/raucell.fi\/et\/wp-json\/wp\/v2\/pages\/203\/revisions\/260"}],"wp:attachment":[{"href":"https:\/\/raucell.fi\/et\/wp-json\/wp\/v2\/media?parent=203"}],"curies":[{"name":"wp","href":"https:\/\/api.w.org\/{rel}","templated":true}]}}