{"id":199,"date":"2017-10-11T14:19:48","date_gmt":"2017-10-11T11:19:48","guid":{"rendered":"https:\/\/raucell.fi\/kayttosovellukset\/"},"modified":"2017-10-12T15:56:19","modified_gmt":"2017-10-12T12:56:19","slug":"kasutusvaldkonnad","status":"publish","type":"page","link":"https:\/\/raucell.fi\/et\/kasutusvaldkonnad\/","title":{"rendered":"Kasutusvaldkonnad"},"content":{"rendered":"<p>[et_pb_section bb_built=&#8221;1&#8243; _builder_version=&#8221;3.0.71&#8243;][et_pb_row _builder_version=&#8221;3.0.71&#8243; background_repeat_1=&#8221;no-repeat&#8221; make_fullwidth=&#8221;on&#8221;][et_pb_column type=&#8221;4_4&#8243;][et_pb_text _builder_version=&#8221;3.0.71&#8243; background_layout=&#8221;light&#8221; text_orientation=&#8221;left&#8221; border_style=&#8221;solid&#8221;]<\/p>\n<h1>KASUTUSVALDKONNAD<\/h1>\n<ul>\n<li>Ringleva vee soojendamine<\/li>\n<li>H\u00fcdraulika\u00f5li jahutid puidu- ja paberit\u00f6\u00f6stustes<\/li>\n<li>Jahutus- ja \u00f5hu konditsioneerimise seadmete soojusvahetid.<\/li>\n<li>Aurustid, kondensaatorid, kompressori\u00f5li jahutid. Sobib igasuguste ainete, ka l\u00e4mmastiku jaoks! T\u00f6\u00f6stustarbijad ja l\u00f5ppkasutajad.<\/li>\n<li>T\u00f6\u00f6tlemisveed: piima-, toiduainete- ja lihat\u00f6\u00f6stused.<\/li>\n<li>K\u00fctte-, ventilatsiooni- ja \u00f5hu konditsioneerimise s\u00fcsteemide ehitamine<\/li>\n<li>Mootori\u00f5li jahutid laevadel ning diisel- ja gaasigeneraatoritel<\/li>\n<li>Transformaatori\u00f5li jahutid<\/li>\n<li>Aurukondensaatorid puidu- ja paberi ning keemiat\u00f6\u00f6stustes<\/li>\n<li>Keskkonnale ohtlike aurude kondenseerimine<\/li>\n<li>Destilleerimine keemiat\u00f6\u00f6stustes<\/li>\n<li>K\u00fctte\u00f5li eelsoojendid katlamajades ja l\u00f5ppkasutajate juures<\/li>\n<li>Vedelgaasil t\u00f6\u00f6tavad k\u00fctteseadmed<\/li>\n<li>\u00d5li ja veejahutid ning r\u00f5hu all oleva \u00f5hu kuivatamine kompressorites<\/li>\n<li>Kuuma ja k\u00fclma \u00f5li jahutid ja soojendid keemiat\u00f6\u00f6stustes<\/li>\n<li>Pesutsehhide soojusvahetid piima-, joogi- ja metallit\u00f6\u00f6stustes ning pesumajades<\/li>\n<li>Auru, vee v\u00f5i \u00f5liga t\u00f6\u00f6tavad \u00f5husoojendid ja -jahutid keemiat\u00f6\u00f6stustes<\/li>\n<li>Soolalahuse jahutid lihat\u00f6\u00f6stustes<\/li>\n<li>Prooviv\u00f5tuseadmedUjumisbasseinide soojendid<\/li>\n<li>Erirakendused<\/li>\n<\/ul>\n<p>[\/et_pb_text][\/et_pb_column][\/et_pb_row][\/et_pb_section]<\/p>\n","protected":false},"excerpt":{"rendered":"<p>KASUTUSVALDKONNAD Ringleva vee soojendamine H\u00fcdraulika\u00f5li jahutid puidu- ja paberit\u00f6\u00f6stustes Jahutus- ja \u00f5hu konditsioneerimise seadmete soojusvahetid. Aurustid, kondensaatorid, kompressori\u00f5li jahutid. Sobib igasuguste ainete, ka l\u00e4mmastiku jaoks! T\u00f6\u00f6stustarbijad ja l\u00f5ppkasutajad. T\u00f6\u00f6tlemisveed: piima-, toiduainete- ja lihat\u00f6\u00f6stused. K\u00fctte-, ventilatsiooni- ja \u00f5hu konditsioneerimise s\u00fcsteemide ehitamine Mootori\u00f5li jahutid laevadel ning diisel- ja gaasigeneraatoritel Transformaatori\u00f5li jahutid Aurukondensaatorid puidu- ja paberi ning keemiat\u00f6\u00f6stustes [&hellip;]<\/p>\n","protected":false},"author":1,"featured_media":0,"parent":0,"menu_order":0,"comment_status":"closed","ping_status":"closed","template":"","meta":{"_et_pb_use_builder":"on","_et_pb_old_content":"","_et_gb_content_width":"","footnotes":""},"class_list":["post-199","page","type-page","status-publish","hentry"],"_links":{"self":[{"href":"https:\/\/raucell.fi\/et\/wp-json\/wp\/v2\/pages\/199","targetHints":{"allow":["GET"]}}],"collection":[{"href":"https:\/\/raucell.fi\/et\/wp-json\/wp\/v2\/pages"}],"about":[{"href":"https:\/\/raucell.fi\/et\/wp-json\/wp\/v2\/types\/page"}],"author":[{"embeddable":true,"href":"https:\/\/raucell.fi\/et\/wp-json\/wp\/v2\/users\/1"}],"replies":[{"embeddable":true,"href":"https:\/\/raucell.fi\/et\/wp-json\/wp\/v2\/comments?post=199"}],"version-history":[{"count":2,"href":"https:\/\/raucell.fi\/et\/wp-json\/wp\/v2\/pages\/199\/revisions"}],"predecessor-version":[{"id":262,"href":"https:\/\/raucell.fi\/et\/wp-json\/wp\/v2\/pages\/199\/revisions\/262"}],"wp:attachment":[{"href":"https:\/\/raucell.fi\/et\/wp-json\/wp\/v2\/media?parent=199"}],"curies":[{"name":"wp","href":"https:\/\/api.w.org\/{rel}","templated":true}]}}