{"id":195,"date":"2017-10-11T14:21:12","date_gmt":"2017-10-11T11:21:12","guid":{"rendered":"https:\/\/raucell.fi\/hoyrylammonsiirtimet-sarja-s\/"},"modified":"2017-10-12T15:58:38","modified_gmt":"2017-10-12T12:58:38","slug":"auruseadmed","status":"publish","type":"page","link":"https:\/\/raucell.fi\/et\/auruseadmed\/","title":{"rendered":"Auruseadmed"},"content":{"rendered":"<p>[et_pb_section bb_built=&#8221;1&#8243; _builder_version=&#8221;3.0.71&#8243;][et_pb_row _builder_version=&#8221;3.0.71&#8243; background_repeat_1=&#8221;no-repeat&#8221; make_fullwidth=&#8221;on&#8221;][et_pb_column type=&#8221;4_4&#8243;][et_pb_text _builder_version=&#8221;3.0.71&#8243; background_layout=&#8221;light&#8221; text_orientation=&#8221;left&#8221; border_style=&#8221;solid&#8221;]<\/p>\n<h1>RAUCELL\u2019I AURUSOOJUSVAHETID; SEERIA S<\/h1>\n<p>Alpool toodud n\u00e4ites on auru r\u00f5hk 3 baari ja temperatuur 134\u00baC. Soojendatava vee temperatuur on 10-55\u00baC. Vee r\u00f5hulangus on 50 kPa. Soojusvaheti l\u00e4bim\u00f5\u00f5t on 240 mm.<\/p>\n<table class=\"taulukko\">\n<tbody>\n<tr>\n<td bgcolor=\"#005c9d\"><strong>T\u00fc\u00fcp<\/strong><\/td>\n<td bgcolor=\"#005c9d\"><strong>K\u00fcttev\u00f5imsus<\/strong><\/td>\n<td bgcolor=\"#005c9d\"><strong>Veevool<\/strong><\/td>\n<td bgcolor=\"#005c9d\"><strong>Aurutarve<\/strong><\/td>\n<td bgcolor=\"#005c9d\"><strong>M\u00f5\u00f5tmed<\/strong><\/td>\n<td bgcolor=\"#005c9d\"><strong>Mass<\/strong><\/td>\n<\/tr>\n<tr>\n<td><\/td>\n<td><strong>kW<\/strong><\/td>\n<td><strong>m\u00b3\/h<\/strong><\/td>\n<td><strong>kg\/h<\/strong><\/td>\n<td><strong>\u03a6\/S<\/strong><\/td>\n<td><strong>kg<\/strong><\/td>\n<\/tr>\n<tr>\n<td>240-45-9S<\/td>\n<td>198<\/td>\n<td>3,8<\/td>\n<td>329<\/td>\n<td>240\/52<\/td>\n<td>15<\/td>\n<\/tr>\n<tr>\n<td>240-45-15S<\/td>\n<td>314<\/td>\n<td>6,0<\/td>\n<td>522<\/td>\n<td>240\/63<\/td>\n<td>17<\/td>\n<\/tr>\n<tr>\n<td>240-45-23S<\/td>\n<td>471<\/td>\n<td>9,0<\/td>\n<td>782<\/td>\n<td>240\/80<\/td>\n<td>19<\/td>\n<\/tr>\n<tr>\n<td>240-45-35S<\/td>\n<td>706<\/td>\n<td>13,5<\/td>\n<td>1173<\/td>\n<td>240\/106<\/td>\n<td>23<\/td>\n<\/tr>\n<tr>\n<td>240-45-51S<\/td>\n<td>1020<\/td>\n<td>19,5<\/td>\n<td>1694<\/td>\n<td>240\/142<\/td>\n<td>27<\/td>\n<\/tr>\n<tr>\n<td>240-45-81S<\/td>\n<td>1606<\/td>\n<td>30,7<\/td>\n<td>2668<\/td>\n<td>240\/207<\/td>\n<td>33<\/td>\n<\/tr>\n<tr>\n<td>240-45-105S<\/td>\n<td>2082<\/td>\n<td>39,8<\/td>\n<td>3459<\/td>\n<td>240\/260<\/td>\n<td>41<\/td>\n<\/tr>\n<tr>\n<td>240-45-135S<\/td>\n<td>2669<\/td>\n<td>51,0<\/td>\n<td>4434<\/td>\n<td>240\/328<\/td>\n<td>48<\/td>\n<\/tr>\n<tr>\n<td>240-45-151S<\/td>\n<td>2983<\/td>\n<td>57,0<\/td>\n<td>4956<\/td>\n<td>240\/365<\/td>\n<td>53<\/td>\n<\/tr>\n<\/tbody>\n<\/table>\n<p>\u03a6 = l\u00e4bim\u00f5\u00f5t (mm)<br \/>\nS = paketi paksus (mm)<\/p>\n<p>M\u00e4rkus! Nende rakenduste puhul, kus toimub vee soojendamine auru abil, tuleb valida auruklapile ajaliselt \u00f5ige ja aeglane t\u00f6\u00f6re\u017eiim, et v\u00e4ltida korrodeerumist kloriidide t\u00f5ttu liiga k\u00f5rgel temperatuuril. Selle tagamiseks on kasulik lasta veel soojusvahetist pidevalt l\u00e4bi voolata. Rasketes tingimustes v\u00f5ib valida AISI316L-ist parema korrosioonikindlusega materjali.<\/p>\n<p>[\/et_pb_text][\/et_pb_column][\/et_pb_row][\/et_pb_section]<\/p>\n","protected":false},"excerpt":{"rendered":"<p>RAUCELL\u2019I AURUSOOJUSVAHETID; SEERIA S Alpool toodud n\u00e4ites on auru r\u00f5hk 3 baari ja temperatuur 134\u00baC. Soojendatava vee temperatuur on 10-55\u00baC. Vee r\u00f5hulangus on 50 kPa. Soojusvaheti l\u00e4bim\u00f5\u00f5t on 240 mm. T\u00fc\u00fcp K\u00fcttev\u00f5imsus Veevool Aurutarve M\u00f5\u00f5tmed Mass kW m\u00b3\/h kg\/h \u03a6\/S kg 240-45-9S 198 3,8 329 240\/52 15 240-45-15S 314 6,0 522 240\/63 17 240-45-23S 471 [&hellip;]<\/p>\n","protected":false},"author":1,"featured_media":0,"parent":0,"menu_order":0,"comment_status":"closed","ping_status":"closed","template":"","meta":{"_et_pb_use_builder":"on","_et_pb_old_content":"","_et_gb_content_width":"","footnotes":""},"class_list":["post-195","page","type-page","status-publish","hentry"],"_links":{"self":[{"href":"https:\/\/raucell.fi\/et\/wp-json\/wp\/v2\/pages\/195","targetHints":{"allow":["GET"]}}],"collection":[{"href":"https:\/\/raucell.fi\/et\/wp-json\/wp\/v2\/pages"}],"about":[{"href":"https:\/\/raucell.fi\/et\/wp-json\/wp\/v2\/types\/page"}],"author":[{"embeddable":true,"href":"https:\/\/raucell.fi\/et\/wp-json\/wp\/v2\/users\/1"}],"replies":[{"embeddable":true,"href":"https:\/\/raucell.fi\/et\/wp-json\/wp\/v2\/comments?post=195"}],"version-history":[{"count":2,"href":"https:\/\/raucell.fi\/et\/wp-json\/wp\/v2\/pages\/195\/revisions"}],"predecessor-version":[{"id":267,"href":"https:\/\/raucell.fi\/et\/wp-json\/wp\/v2\/pages\/195\/revisions\/267"}],"wp:attachment":[{"href":"https:\/\/raucell.fi\/et\/wp-json\/wp\/v2\/media?parent=195"}],"curies":[{"name":"wp","href":"https:\/\/api.w.org\/{rel}","templated":true}]}}