{"id":191,"date":"2017-10-11T14:20:44","date_gmt":"2017-10-11T11:20:44","guid":{"rendered":"https:\/\/raucell.fi\/hydrauliikkaoljyn-jaahdyttimet-sarja-h\/"},"modified":"2017-10-12T15:57:48","modified_gmt":"2017-10-12T12:57:48","slug":"hudraulikaoli-jahutid","status":"publish","type":"page","link":"https:\/\/raucell.fi\/et\/hudraulikaoli-jahutid\/","title":{"rendered":"H\u00fcdraulika\u00f5li jahutid"},"content":{"rendered":"<p>[et_pb_section bb_built=&#8221;1&#8243; _builder_version=&#8221;3.0.71&#8243;][et_pb_row _builder_version=&#8221;3.0.71&#8243; background_repeat_1=&#8221;no-repeat&#8221; make_fullwidth=&#8221;on&#8221;][et_pb_column type=&#8221;4_4&#8243;][et_pb_text _builder_version=&#8221;3.0.71&#8243; background_layout=&#8221;light&#8221; text_orientation=&#8221;left&#8221; border_style=&#8221;solid&#8221;]<\/p>\n<h1>RAUCELL\u2019I H\u00dcDRAULIKA\u00d5LI JAHUTID; SEERIA H<\/h1>\n<table class=\"taulukko\">\n<tbody>\n<tr>\n<td bgcolor=\"#005c9d\"><strong>T\u00fc\u00fcp<\/strong><\/td>\n<td bgcolor=\"#005c9d\"><strong>Jahutus-v\u00f5imsus<\/strong><\/td>\n<td bgcolor=\"#005c9d\"><strong>\u00d5livool<\/strong><\/td>\n<td bgcolor=\"#005c9d\"><strong>Veevool<\/strong><\/td>\n<td bgcolor=\"#005c9d\"><strong>\u00dchendused<\/strong><\/td>\n<td bgcolor=\"#005c9d\"><strong>M\u00f5\u00f5tmed<\/strong><\/td>\n<td bgcolor=\"#005c9d\"><strong>Mass<\/strong><\/td>\n<\/tr>\n<tr>\n<td><\/td>\n<td><strong>kW<\/strong><\/td>\n<td><strong>L\/min<\/strong><\/td>\n<td><strong>L\/min<\/strong><\/td>\n<td><\/td>\n<td><strong>\u03a6\/S<\/strong><\/td>\n<td>kg<\/td>\n<\/tr>\n<tr>\n<td>240-120-9H<\/td>\n<td>10<\/td>\n<td>26<\/td>\n<td>20<\/td>\n<td>R3\/4&#8243;<\/td>\n<td>240\/52<\/td>\n<td>15<\/td>\n<\/tr>\n<tr>\n<td>240-120-15H<\/td>\n<td>18<\/td>\n<td>47<\/td>\n<td>36<\/td>\n<td>R3\/4&#8243;<\/td>\n<td>240\/63<\/td>\n<td>17<\/td>\n<\/tr>\n<tr>\n<td>240-120-23H<\/td>\n<td>27<\/td>\n<td>70<\/td>\n<td>55<\/td>\n<td>R1&#8243;<\/td>\n<td>240\/80<\/td>\n<td>19<\/td>\n<\/tr>\n<tr>\n<td>240-120-35H<\/td>\n<td>40<\/td>\n<td>105<\/td>\n<td>81<\/td>\n<td>R1&#8243;<\/td>\n<td>240\/106<\/td>\n<td>23<\/td>\n<\/tr>\n<tr>\n<td>240-120-51H<\/td>\n<td>58<\/td>\n<td>151<\/td>\n<td>118<\/td>\n<td>NS40<\/td>\n<td>240\/142<\/td>\n<td>27<\/td>\n<\/tr>\n<tr>\n<td>240-120-81H<\/td>\n<td>92<\/td>\n<td>239<\/td>\n<td>188<\/td>\n<td>NS40<\/td>\n<td>240\/207<\/td>\n<td>33<\/td>\n<\/tr>\n<tr>\n<td>240-120-105H<\/td>\n<td>119<\/td>\n<td>309<\/td>\n<td>243<\/td>\n<td>NS40<\/td>\n<td>240\/260<\/td>\n<td>41<\/td>\n<\/tr>\n<tr>\n<td>240-120-135H<\/td>\n<td>152<\/td>\n<td>396<\/td>\n<td>311<\/td>\n<td>NS50<\/td>\n<td>240\/328<\/td>\n<td>48<\/td>\n<\/tr>\n<tr>\n<td>240-120-151H<\/td>\n<td>175<\/td>\n<td>455<\/td>\n<td>358<\/td>\n<td>NS50<\/td>\n<td>240\/365<\/td>\n<td>53<\/td>\n<\/tr>\n<\/tbody>\n<\/table>\n<p>&nbsp;<\/p>\n<p>\u03a6 = l\u00e4bim\u00f5\u00f5 (mm)<br \/>\nS = paketi paksus (mm)<strong><br \/>\n<\/strong><br \/>\n\u00d5li t\u00fc\u00fcp:\u00a0<strong>ISO VG46<\/strong><br \/>\n\u00d5li temperatuur 60-45\u00baC<br \/>\n\u00d5li r\u00f5hu langus 100 kPa<br \/>\nJahutusvee temperatuur 25-32 \u00baC<br \/>\nJahutusvee r\u00f5hu langus 35 kPa<br \/>\nM\u00e4rkus: Soojus\u00fclekandekoefitsient on 20% varuga.<\/p>\n<p>Tabelit on v\u00f5imalik kasutada sobiva soojusvaheti t\u00fc\u00fcbi otsimiseks \u00f5li\u00a0<strong>ISO VG 220<\/strong><br \/>\n\u00d5li temperatuur 65-50\u00baC<br \/>\n\u00d5li r\u00f5hu langus alla 200 kPa<br \/>\nJahutusvee temperatuur 25-32 \u00baC<br \/>\nJahutusvee r\u00f5hu langus 35 kPa<\/p>\n<p>Juhised: Valige tabelist algsetele v\u00e4\u00e4rtustele k\u00f5ige l\u00e4hedasem rida. \u00d5li ISO VG 220 jaoks sobiv soojusvaheti on j\u00e4rgmisel real.<br \/>\nN\u00e4ide: \u00d5li t\u00fc\u00fcp on VG 220. \u00d5li voolhulk on 70 l\/min. Soojusvaheti t\u00fc\u00fcp on seega 240-120-35H.<\/p>\n<p>[\/et_pb_text][\/et_pb_column][\/et_pb_row][\/et_pb_section]<\/p>\n","protected":false},"excerpt":{"rendered":"<p>RAUCELL\u2019I H\u00dcDRAULIKA\u00d5LI JAHUTID; SEERIA H T\u00fc\u00fcp Jahutus-v\u00f5imsus \u00d5livool Veevool \u00dchendused M\u00f5\u00f5tmed Mass kW L\/min L\/min \u03a6\/S kg 240-120-9H 10 26 20 R3\/4&#8243; 240\/52 15 240-120-15H 18 47 36 R3\/4&#8243; 240\/63 17 240-120-23H 27 70 55 R1&#8243; 240\/80 19 240-120-35H 40 105 81 R1&#8243; 240\/106 23 240-120-51H 58 151 118 NS40 240\/142 27 240-120-81H 92 239 [&hellip;]<\/p>\n","protected":false},"author":1,"featured_media":0,"parent":0,"menu_order":0,"comment_status":"closed","ping_status":"closed","template":"","meta":{"_et_pb_use_builder":"on","_et_pb_old_content":"","_et_gb_content_width":"","footnotes":""},"class_list":["post-191","page","type-page","status-publish","hentry"],"_links":{"self":[{"href":"https:\/\/raucell.fi\/et\/wp-json\/wp\/v2\/pages\/191","targetHints":{"allow":["GET"]}}],"collection":[{"href":"https:\/\/raucell.fi\/et\/wp-json\/wp\/v2\/pages"}],"about":[{"href":"https:\/\/raucell.fi\/et\/wp-json\/wp\/v2\/types\/page"}],"author":[{"embeddable":true,"href":"https:\/\/raucell.fi\/et\/wp-json\/wp\/v2\/users\/1"}],"replies":[{"embeddable":true,"href":"https:\/\/raucell.fi\/et\/wp-json\/wp\/v2\/comments?post=191"}],"version-history":[{"count":2,"href":"https:\/\/raucell.fi\/et\/wp-json\/wp\/v2\/pages\/191\/revisions"}],"predecessor-version":[{"id":265,"href":"https:\/\/raucell.fi\/et\/wp-json\/wp\/v2\/pages\/191\/revisions\/265"}],"wp:attachment":[{"href":"https:\/\/raucell.fi\/et\/wp-json\/wp\/v2\/media?parent=191"}],"curies":[{"name":"wp","href":"https:\/\/api.w.org\/{rel}","templated":true}]}}