{"id":187,"date":"2017-10-11T14:22:02","date_gmt":"2017-10-11T11:22:02","guid":{"rendered":"https:\/\/raucell.fi\/esitteet-ja-ohjeet\/"},"modified":"2017-10-12T16:10:41","modified_gmt":"2017-10-12T13:10:41","slug":"juhendid","status":"publish","type":"page","link":"https:\/\/raucell.fi\/et\/juhendid\/","title":{"rendered":"Juhendid"},"content":{"rendered":"<p>[et_pb_section bb_built=&#8221;1&#8243; _builder_version=&#8221;3.0.71&#8243;][et_pb_row _builder_version=&#8221;3.0.71&#8243; background_repeat_1=&#8221;no-repeat&#8221; make_fullwidth=&#8221;on&#8221;][et_pb_column type=&#8221;4_4&#8243;][et_pb_text _builder_version=&#8221;3.0.71&#8243; background_layout=&#8221;light&#8221; text_orientation=&#8221;left&#8221; border_style=&#8221;solid&#8221;]<\/p>\n<h1>JUHENDID<\/h1>\n<h2>BRO\u0160\u00dc\u00dcRID (faili formaat PDF)<\/h2>\n<p><a href=\"https:\/\/raucell.fi\/wp-content\/uploads\/2017\/10\/raucell_brochure_fin.pdf\" target=\"_blank\" rel=\"noopener\">Soome keeles<\/a><br \/>\n<a href=\"https:\/\/raucell.fi\/wp-content\/uploads\/2017\/10\/brochure_eng.pdf\" target=\"_blank\" rel=\"noopener\">Inglise keeles<\/a><br \/>\n<a href=\"https:\/\/raucell.fi\/wp-content\/uploads\/2017\/10\/brochure_ger.pdf\" target=\"_blank\" rel=\"noopener\">Saksa keeles<\/a><\/p>\n<h2>JUHENDID (faili formaat PDF)<\/h2>\n<p><a href=\"https:\/\/raucell.fi\/wp-content\/uploads\/2017\/10\/use_and_servicing_fin.pdf\" target=\"_blank\" rel=\"noopener\">Soome keeles<\/a><br \/>\n<a href=\"https:\/\/raucell.fi\/wp-content\/uploads\/2017\/10\/use_and_servicing_eng.pdf\" target=\"_blank\" rel=\"noopener\">Inglise keeles<\/a><br \/>\n<a href=\"https:\/\/raucell.fi\/wp-content\/uploads\/2017\/10\/use_and_servicing_ger.pdf\" target=\"_blank\" rel=\"noopener\">Saksa keeles<\/a><br \/>\n<a href=\"https:\/\/raucell.fi\/wp-content\/uploads\/2017\/10\/use_and_servicing_rus.pdf\" target=\"_blank\" rel=\"noopener\">Vene keeles<\/a><br \/>\n<a href=\"https:\/\/raucell.fi\/wp-content\/uploads\/2017\/10\/use_and_servicing_swe.pdf\" target=\"_blank\" rel=\"noopener\">Rootsi keeles<\/a><br \/>\n<a href=\"https:\/\/raucell.fi\/wp-content\/uploads\/2017\/10\/use_and_servicing_est.pdf\" target=\"_blank\" rel=\"noopener\">Eesti keeles<\/a><\/p>\n<h2>M\u00d5\u00d5TESKEEMID (faili formaat PDF)<\/h2>\n<p><a href=\"https:\/\/raucell.fi\/wp-content\/uploads\/2017\/10\/240-sarja.pdf\" target=\"_blank\" rel=\"noopener\">Soomi keeles (240-serie)<\/a><br \/>\n<a href=\"https:\/\/raucell.fi\/wp-content\/uploads\/2017\/10\/240-serial.pdf\" target=\"_blank\" rel=\"noopener\">Inglise keeles (240-serie)<\/a><\/p>\n<p>[\/et_pb_text][\/et_pb_column][\/et_pb_row][\/et_pb_section]<\/p>\n","protected":false},"excerpt":{"rendered":"<p>JUHENDID BRO\u0160\u00dc\u00dcRID (faili formaat PDF) Soome keeles Inglise keeles Saksa keeles JUHENDID (faili formaat PDF) Soome keeles Inglise keeles Saksa keeles Vene keeles Rootsi keeles Eesti keeles M\u00d5\u00d5TESKEEMID (faili formaat PDF) Soomi keeles (240-serie) Inglise keeles (240-serie)<\/p>\n","protected":false},"author":1,"featured_media":0,"parent":0,"menu_order":0,"comment_status":"closed","ping_status":"closed","template":"","meta":{"_et_pb_use_builder":"on","_et_pb_old_content":"","_et_gb_content_width":"","footnotes":""},"class_list":["post-187","page","type-page","status-publish","hentry"],"_links":{"self":[{"href":"https:\/\/raucell.fi\/et\/wp-json\/wp\/v2\/pages\/187","targetHints":{"allow":["GET"]}}],"collection":[{"href":"https:\/\/raucell.fi\/et\/wp-json\/wp\/v2\/pages"}],"about":[{"href":"https:\/\/raucell.fi\/et\/wp-json\/wp\/v2\/types\/page"}],"author":[{"embeddable":true,"href":"https:\/\/raucell.fi\/et\/wp-json\/wp\/v2\/users\/1"}],"replies":[{"embeddable":true,"href":"https:\/\/raucell.fi\/et\/wp-json\/wp\/v2\/comments?post=187"}],"version-history":[{"count":2,"href":"https:\/\/raucell.fi\/et\/wp-json\/wp\/v2\/pages\/187\/revisions"}],"predecessor-version":[{"id":276,"href":"https:\/\/raucell.fi\/et\/wp-json\/wp\/v2\/pages\/187\/revisions\/276"}],"wp:attachment":[{"href":"https:\/\/raucell.fi\/et\/wp-json\/wp\/v2\/media?parent=187"}],"curies":[{"name":"wp","href":"https:\/\/api.w.org\/{rel}","templated":true}]}}