{"id":220,"date":"2017-10-11T14:21:37","date_gmt":"2017-10-11T11:21:37","guid":{"rendered":"https:\/\/raucell.fi\/yritys\/"},"modified":"2017-10-12T15:38:55","modified_gmt":"2017-10-12T12:38:55","slug":"unternehmen","status":"publish","type":"page","link":"https:\/\/raucell.fi\/de\/unternehmen\/","title":{"rendered":"UNTERNEHMEN"},"content":{"rendered":"<p>[et_pb_section bb_built=&#8220;1&#8243; _builder_version=&#8220;3.0.71&#8243;][et_pb_row _builder_version=&#8220;3.0.71&#8243; background_repeat_1=&#8220;no-repeat&#8220; make_fullwidth=&#8220;on&#8220;][et_pb_column type=&#8220;3_4&#8243;][et_pb_text _builder_version=&#8220;3.0.71&#8243; background_layout=&#8220;light&#8220; text_orientation=&#8220;left&#8220; border_style=&#8220;solid&#8220;]<\/p>\n<h1>UNTERNEHMEN<\/h1>\n<p>Raucell Oy ist ein finnisches Privatunternehmen im W\u00e4rmetauschergesch\u00e4ft, gegr\u00fcndet 1988. Das Unternehmen wurde aus der Idee heraus geboren, basierend auf eigenem Patent einen neuen W\u00e4rmetauscher zu entwickeln &#8211; den komplett verschwei\u00dften Plattenw\u00e4rmetauscher.<\/p>\n<p>Der Plattenw\u00e4rmetauscher von RauCell repr\u00e4sentiert eine fortschrittliche und neue Hochtechnologie. Er ist nirgendwo anders auf der Welt zu haben. Raucell Oy hat den W\u00e4rmetauscher und seinen Produktionsprozess entwickelt.<\/p>\n<p>Die ersten Lieferungen gingen 1994 an unsere Kunden, die aus der verarbeitenden Industrie bis zur Heizungs-, Klima- und L\u00fcftungstechnik stammen. Vom einfachen Endverbraucher bis hin zum Aggregathersteller und zur Anwendung f\u00fcr Sonderentwicklungen. Es gibt viele Einsatzm\u00f6glichkeiten.<\/p>\n<p>[\/et_pb_text][\/et_pb_column][et_pb_column type=&#8220;1_4&#8243;][et_pb_image _builder_version=&#8220;3.0.71&#8243; src=&#8220;https:\/\/raucell.fi\/wp-content\/uploads\/2017\/10\/teollisuushalli.jpg&#8220; show_in_lightbox=&#8220;off&#8220; url_new_window=&#8220;off&#8220; use_overlay=&#8220;off&#8220; sticky=&#8220;off&#8220; align=&#8220;center&#8220; always_center_on_mobile=&#8220;on&#8220; border_style=&#8220;solid&#8220; force_fullwidth=&#8220;off&#8220; animation=&#8220;right&#8220; \/][\/et_pb_column][\/et_pb_row][\/et_pb_section]<\/p>\n","protected":false},"excerpt":{"rendered":"<p>UNTERNEHMEN Raucell Oy ist ein finnisches Privatunternehmen im W\u00e4rmetauschergesch\u00e4ft, gegr\u00fcndet 1988. Das Unternehmen wurde aus der Idee heraus geboren, basierend auf eigenem Patent einen neuen W\u00e4rmetauscher zu entwickeln &#8211; den komplett verschwei\u00dften Plattenw\u00e4rmetauscher. Der Plattenw\u00e4rmetauscher von RauCell repr\u00e4sentiert eine fortschrittliche und neue Hochtechnologie. Er ist nirgendwo anders auf der Welt zu haben. Raucell Oy hat [&hellip;]<\/p>\n","protected":false},"author":1,"featured_media":0,"parent":0,"menu_order":0,"comment_status":"closed","ping_status":"closed","template":"","meta":{"_et_pb_use_builder":"on","_et_pb_old_content":"","_et_gb_content_width":"","footnotes":""},"class_list":["post-220","page","type-page","status-publish","hentry"],"_links":{"self":[{"href":"https:\/\/raucell.fi\/de\/wp-json\/wp\/v2\/pages\/220","targetHints":{"allow":["GET"]}}],"collection":[{"href":"https:\/\/raucell.fi\/de\/wp-json\/wp\/v2\/pages"}],"about":[{"href":"https:\/\/raucell.fi\/de\/wp-json\/wp\/v2\/types\/page"}],"author":[{"embeddable":true,"href":"https:\/\/raucell.fi\/de\/wp-json\/wp\/v2\/users\/1"}],"replies":[{"embeddable":true,"href":"https:\/\/raucell.fi\/de\/wp-json\/wp\/v2\/comments?post=220"}],"version-history":[{"count":2,"href":"https:\/\/raucell.fi\/de\/wp-json\/wp\/v2\/pages\/220\/revisions"}],"predecessor-version":[{"id":236,"href":"https:\/\/raucell.fi\/de\/wp-json\/wp\/v2\/pages\/220\/revisions\/236"}],"wp:attachment":[{"href":"https:\/\/raucell.fi\/de\/wp-json\/wp\/v2\/media?parent=220"}],"curies":[{"name":"wp","href":"https:\/\/api.w.org\/{rel}","templated":true}]}}