{"id":212,"date":"2017-10-11T14:19:59","date_gmt":"2017-10-11T11:19:59","guid":{"rendered":"https:\/\/raucell.fi\/valiaineluettelo\/"},"modified":"2017-10-12T15:33:11","modified_gmt":"2017-10-12T12:33:11","slug":"flussigkeiten","status":"publish","type":"page","link":"https:\/\/raucell.fi\/de\/flussigkeiten\/","title":{"rendered":"Fl\u00fcssigkeiten"},"content":{"rendered":"<p>[et_pb_section bb_built=&#8220;1&#8243; _builder_version=&#8220;3.0.71&#8243;][et_pb_row _builder_version=&#8220;3.0.71&#8243; background_repeat_1=&#8220;no-repeat&#8220; make_fullwidth=&#8220;on&#8220;][et_pb_column type=&#8220;4_4&#8243;][et_pb_text _builder_version=&#8220;3.0.71&#8243; background_layout=&#8220;light&#8220; text_orientation=&#8220;left&#8220; border_style=&#8220;solid&#8220;]<\/p>\n<h1>FL\u00dcSSIGKEITEN<\/h1>\n<p>Die Plattenw\u00e4rmetauscher von RauCell sind f\u00fcr Fl\u00fcssigkeiten von Gasen \u00fcber D\u00e4mpfe bis hin zu viskosen Fl\u00fcssigkeiten geeignet.<\/p>\n<p>&nbsp;<\/p>\n<ul>\n<li>Wasser<\/li>\n<li>Dampf<\/li>\n<li>Glykolwasser<\/li>\n<li>Methanol, Ethanol, Propanol und diverse chemische Fl\u00fcssigkeiten<\/li>\n<li>Frostschutzmittel<\/li>\n<li>\u00d6le<\/li>\n<li>Kalte Substanzen wie Ammoniak und R<\/li>\n<li>Verschiedene Waschl\u00f6sungen einschlie\u00dflich Laugenwasser<\/li>\n<li>Salzwasser bei niedrigen Temperaturen<\/li>\n<li>Luft<\/li>\n<\/ul>\n<p>[\/et_pb_text][\/et_pb_column][\/et_pb_row][\/et_pb_section]<\/p>\n","protected":false},"excerpt":{"rendered":"<p>FL\u00dcSSIGKEITEN Die Plattenw\u00e4rmetauscher von RauCell sind f\u00fcr Fl\u00fcssigkeiten von Gasen \u00fcber D\u00e4mpfe bis hin zu viskosen Fl\u00fcssigkeiten geeignet. &nbsp; Wasser Dampf Glykolwasser Methanol, Ethanol, Propanol und diverse chemische Fl\u00fcssigkeiten Frostschutzmittel \u00d6le Kalte Substanzen wie Ammoniak und R Verschiedene Waschl\u00f6sungen einschlie\u00dflich Laugenwasser Salzwasser bei niedrigen Temperaturen Luft<\/p>\n","protected":false},"author":1,"featured_media":0,"parent":0,"menu_order":0,"comment_status":"closed","ping_status":"closed","template":"","meta":{"_et_pb_use_builder":"on","_et_pb_old_content":"","_et_gb_content_width":"","footnotes":""},"class_list":["post-212","page","type-page","status-publish","hentry"],"_links":{"self":[{"href":"https:\/\/raucell.fi\/de\/wp-json\/wp\/v2\/pages\/212","targetHints":{"allow":["GET"]}}],"collection":[{"href":"https:\/\/raucell.fi\/de\/wp-json\/wp\/v2\/pages"}],"about":[{"href":"https:\/\/raucell.fi\/de\/wp-json\/wp\/v2\/types\/page"}],"author":[{"embeddable":true,"href":"https:\/\/raucell.fi\/de\/wp-json\/wp\/v2\/users\/1"}],"replies":[{"embeddable":true,"href":"https:\/\/raucell.fi\/de\/wp-json\/wp\/v2\/comments?post=212"}],"version-history":[{"count":1,"href":"https:\/\/raucell.fi\/de\/wp-json\/wp\/v2\/pages\/212\/revisions"}],"predecessor-version":[{"id":227,"href":"https:\/\/raucell.fi\/de\/wp-json\/wp\/v2\/pages\/212\/revisions\/227"}],"wp:attachment":[{"href":"https:\/\/raucell.fi\/de\/wp-json\/wp\/v2\/media?parent=212"}],"curies":[{"name":"wp","href":"https:\/\/api.w.org\/{rel}","templated":true}]}}