{"id":208,"date":"2017-10-11T14:21:30","date_gmt":"2017-10-11T11:21:30","guid":{"rendered":"https:\/\/raucell.fi\/vedenlammittimet-sarja-w\/"},"modified":"2017-10-12T15:36:40","modified_gmt":"2017-10-12T12:36:40","slug":"wassererwaermer-serie-w","status":"publish","type":"page","link":"https:\/\/raucell.fi\/de\/wassererwaermer-serie-w\/","title":{"rendered":"WASSERERW\u00c4RMER: SERIE W"},"content":{"rendered":"<p>[et_pb_section bb_built=&#8220;1&#8243; _builder_version=&#8220;3.0.71&#8243;][et_pb_row _builder_version=&#8220;3.0.71&#8243; background_repeat_1=&#8220;no-repeat&#8220; make_fullwidth=&#8220;on&#8220;][et_pb_column type=&#8220;4_4&#8243;][et_pb_text _builder_version=&#8220;3.0.71&#8243; background_layout=&#8220;light&#8220; text_orientation=&#8220;left&#8220; border_style=&#8220;solid&#8220;]<\/p>\n<h1>WASSERERW\u00c4RMER: SERIE W<\/h1>\n<p>Im unten folgenden Beispiel wird Wasser mit Boilerwasser erhitzt. Die Temperaturen des Boilerwassers liegen bei 90 &#8211; 40 C\u00ba und die des Wassers bei 5 &#8211; 55 \u00baC. Die Wasserflussmengen in beiden Kreisl\u00e4ufen sind gleich. Der Druckverlust \u00fcber dem W\u00e4rmetauscher betr\u00e4gt in beiden Kreisl\u00e4ufen ca. 25 kPa (0,25 bar).<\/p>\n<table class=\"taulukko\">\n<tbody>\n<tr>\n<td><strong>Typ<\/strong><\/td>\n<td><strong>Heizleistung<\/strong><\/td>\n<td><strong>Wasserfluss<\/strong><\/td>\n<td><strong>Ma\u00dfe<\/strong><\/td>\n<td><strong>Gewicht<\/strong><\/td>\n<\/tr>\n<tr>\n<td><\/td>\n<td><strong>kW<\/strong><\/td>\n<td><strong>m\u00b3\/h<\/strong><\/td>\n<td><strong>\u03a6\/S<\/strong><\/td>\n<td><strong>kg<\/strong><\/td>\n<\/tr>\n<tr>\n<td>240-120-9W<\/td>\n<td>73<\/td>\n<td>1,3<\/td>\n<td>240\/56<\/td>\n<td>15<\/td>\n<\/tr>\n<tr>\n<td>240-120-15W<\/td>\n<td>127<\/td>\n<td>2,2<\/td>\n<td>240\/70<\/td>\n<td>17<\/td>\n<\/tr>\n<tr>\n<td>240-120-23W<\/td>\n<td>200<\/td>\n<td>3,5<\/td>\n<td>240\/86<\/td>\n<td>19<\/td>\n<\/tr>\n<tr>\n<td>240-120-35W<\/td>\n<td>309<\/td>\n<td>5,3<\/td>\n<td>240\/112<\/td>\n<td>23<\/td>\n<\/tr>\n<tr>\n<td>240-120-51W<\/td>\n<td>454<\/td>\n<td>7,8<\/td>\n<td>240\/152<\/td>\n<td>27<\/td>\n<\/tr>\n<tr>\n<td>240-120-81W<\/td>\n<td>727<\/td>\n<td>12,5<\/td>\n<td>240\/220<\/td>\n<td>33<\/td>\n<\/tr>\n<tr>\n<td>240-120-105W<\/td>\n<td>945<\/td>\n<td>16,3<\/td>\n<td>240\/276<\/td>\n<td>41<\/td>\n<\/tr>\n<tr>\n<td>240-120-135W<\/td>\n<td>1218<\/td>\n<td>21,0<\/td>\n<td>240\/346<\/td>\n<td>48<\/td>\n<\/tr>\n<tr>\n<td>240-120-151W<\/td>\n<td>1363<\/td>\n<td>23,4<\/td>\n<td>240\/383<\/td>\n<td>53<\/td>\n<\/tr>\n<\/tbody>\n<\/table>\n<p>\u03a6 = Durchmesser (mm)<br \/>\nS = St\u00e4rke des Pakets (mm)<\/p>\n<p>Im unten folgenden Beispiel wird Wasser mit Boilerwasser erhitzt. Die Temperaturen des Boilerwassers liegen bei 85 &#8211; 65 C\u00ba und die des Aufw\u00e4rmkreislaufs bei 50 &#8211; 70 \u00baC. Die Wasserflussmengen in beiden Kreisl\u00e4ufen sind gleich. Der Druckverlust \u00fcber dem W\u00e4rmetauscher betr\u00e4gt in beiden Kreisl\u00e4ufen ca. 20 kPa (0,20 bar)<\/p>\n<p>&nbsp;<\/p>\n<table class=\"taulukko\">\n<tbody>\n<tr>\n<td><strong>Tyyppi<\/strong><\/td>\n<td><strong>L\u00e4mmitysteho<\/strong><\/td>\n<td><strong>Veden virtaus<\/strong><\/td>\n<td><strong>Mitat<\/strong><\/td>\n<td><strong>Paino<\/strong><\/td>\n<\/tr>\n<tr>\n<td><\/td>\n<td><strong>kW<\/strong><\/td>\n<td><strong>m\u00b3\/h<\/strong><\/td>\n<td><strong>\u03a6\/S<\/strong><\/td>\n<td><strong>kg<\/strong><\/td>\n<\/tr>\n<tr>\n<td>240-120-9W<\/td>\n<td>27<\/td>\n<td>1,2<\/td>\n<td>240\/56<\/td>\n<td>15<\/td>\n<\/tr>\n<tr>\n<td>240-120-15W<\/td>\n<td>47<\/td>\n<td>2,0<\/td>\n<td>240\/70<\/td>\n<td>17<\/td>\n<\/tr>\n<tr>\n<td>240-120-23W<\/td>\n<td>75<\/td>\n<td>3,2<\/td>\n<td>240\/86<\/td>\n<td>19<\/td>\n<\/tr>\n<tr>\n<td>240-120-35W<\/td>\n<td>115<\/td>\n<td>4,9<\/td>\n<td>240\/112<\/td>\n<td>23<\/td>\n<\/tr>\n<tr>\n<td>240-120-51W<\/td>\n<td>169<\/td>\n<td>7,3<\/td>\n<td>240\/152<\/td>\n<td>27<\/td>\n<\/tr>\n<tr>\n<td>240-120-81W<\/td>\n<td>270<\/td>\n<td>11,6<\/td>\n<td>240\/220<\/td>\n<td>33<\/td>\n<\/tr>\n<tr>\n<td>240-120-105W<\/td>\n<td>353<\/td>\n<td>15,1<\/td>\n<td>240\/276<\/td>\n<td>41<\/td>\n<\/tr>\n<tr>\n<td>240-120-135W<\/td>\n<td>452<\/td>\n<td>19,4<\/td>\n<td>240\/346<\/td>\n<td>48<\/td>\n<\/tr>\n<tr>\n<td>240-120-151W<\/td>\n<td>506<\/td>\n<td>21,7<\/td>\n<td>240\/383<\/td>\n<td>53<\/td>\n<\/tr>\n<\/tbody>\n<\/table>\n<p>\u03a6 = Durchmesser (mm)<br \/>\nS = St\u00e4rke des Pakets (mm)<\/p>\n<p>[\/et_pb_text][\/et_pb_column][\/et_pb_row][\/et_pb_section]<\/p>\n","protected":false},"excerpt":{"rendered":"<p>WASSERERW\u00c4RMER: SERIE W Im unten folgenden Beispiel wird Wasser mit Boilerwasser erhitzt. Die Temperaturen des Boilerwassers liegen bei 90 &#8211; 40 C\u00ba und die des Wassers bei 5 &#8211; 55 \u00baC. Die Wasserflussmengen in beiden Kreisl\u00e4ufen sind gleich. Der Druckverlust \u00fcber dem W\u00e4rmetauscher betr\u00e4gt in beiden Kreisl\u00e4ufen ca. 25 kPa (0,25 bar). Typ Heizleistung Wasserfluss [&hellip;]<\/p>\n","protected":false},"author":1,"featured_media":0,"parent":0,"menu_order":0,"comment_status":"closed","ping_status":"closed","template":"","meta":{"_et_pb_use_builder":"on","_et_pb_old_content":"","_et_gb_content_width":"","footnotes":""},"class_list":["post-208","page","type-page","status-publish","hentry"],"_links":{"self":[{"href":"https:\/\/raucell.fi\/de\/wp-json\/wp\/v2\/pages\/208","targetHints":{"allow":["GET"]}}],"collection":[{"href":"https:\/\/raucell.fi\/de\/wp-json\/wp\/v2\/pages"}],"about":[{"href":"https:\/\/raucell.fi\/de\/wp-json\/wp\/v2\/types\/page"}],"author":[{"embeddable":true,"href":"https:\/\/raucell.fi\/de\/wp-json\/wp\/v2\/users\/1"}],"replies":[{"embeddable":true,"href":"https:\/\/raucell.fi\/de\/wp-json\/wp\/v2\/comments?post=208"}],"version-history":[{"count":3,"href":"https:\/\/raucell.fi\/de\/wp-json\/wp\/v2\/pages\/208\/revisions"}],"predecessor-version":[{"id":451,"href":"https:\/\/raucell.fi\/de\/wp-json\/wp\/v2\/pages\/208\/revisions\/451"}],"wp:attachment":[{"href":"https:\/\/raucell.fi\/de\/wp-json\/wp\/v2\/media?parent=208"}],"curies":[{"name":"wp","href":"https:\/\/api.w.org\/{rel}","templated":true}]}}