{"id":204,"date":"2017-10-11T14:19:31","date_gmt":"2017-10-11T11:19:31","guid":{"rendered":"https:\/\/raucell.fi\/tuoteominaisuudet\/"},"modified":"2017-10-12T15:30:16","modified_gmt":"2017-10-12T12:30:16","slug":"produktprasentation","status":"publish","type":"page","link":"https:\/\/raucell.fi\/de\/produktprasentation\/","title":{"rendered":"Produktpr\u00e4sentation"},"content":{"rendered":"<p>[et_pb_section bb_built=&#8220;1&#8243; _builder_version=&#8220;3.0.71&#8243;][et_pb_row _builder_version=&#8220;3.0.71&#8243; background_repeat_1=&#8220;no-repeat&#8220; make_fullwidth=&#8220;on&#8220;][et_pb_column type=&#8220;3_4&#8243;][et_pb_text _builder_version=&#8220;3.0.71&#8243; background_layout=&#8220;light&#8220; text_orientation=&#8220;left&#8220; border_style=&#8220;solid&#8220;]<\/p>\n<h1>Produktpr\u00e4sentation<\/h1>\n<h2>NEUARTIGE PRODUKTINNOVATION<\/h2>\n<p>Der Plattenw\u00e4rmetauscher von RauCell verf\u00fcgt \u00fcber Referenzen in verschiedenen Kundenanwendungen seit 1994.<\/p>\n<h2>EFFEKTIV UND KLEIN, AUSDAUERND<\/h2>\n<p>Die W\u00e4rmetauschplatten haben keine Flussl\u00f6cher, welche die Oberfl\u00e4che zur W\u00e4rme\u00fcbertragung verkleinern und den Durchfluss einschr\u00e4nken. Die Platten sind an der Kante zu einem einheitlichen und dauerhaften Mantel zusammengeschwei\u00dft.<\/p>\n<h2>GESAMTKONSTRUKTION AUS S\u00c4UREBEST\u00c4NDIGEM EDELSTAHL, AISI316L<\/h2>\n<p>Prim\u00e4re und sekund\u00e4re Kreisl\u00e4ufe wie auch alle Oberfl\u00e4chen sind aus Material AISI316L. S\u00e4urebest\u00e4ndiger Edelstahl ist ein hervorragendes, bekanntes Konstruktionsmaterial. Die Plattenabst\u00e4nde sind sauber und frei von Fremdmetallen.<\/p>\n<h2>PROFITABEL UND UMWELTFREUNDLICH<\/h2>\n<p>Die Konstruktion des W\u00e4rmetauschers beinhaltet weder Hartl\u00f6tstellen noch giftige Metalle wie Kupfer. Er passt gut in die chemische und die Lebensmittelindustrie. Auch f\u00fcr hygienische R\u00e4ume geeignet.<\/p>\n<h2>KONSTRUKTION OHNE HARTL\u00d6TSTELLEN UND DICHTUNGEN<\/h2>\n<p>Die W\u00e4rmetauscher sind voll verschwei\u00dft. Es gibt keine sich aufl\u00f6senden L\u00f6tstellen oder undichte Ecken und Ringdichtungen.<\/p>\n<h2>ANSCHLUSSGR\u00d6SSEN ZUR AUSWAHL, SP\u00dcL- UND WASCHANSCHL\u00dcSSE BEREIT<\/h2>\n<p>Anschlussgr\u00f6\u00dfen zur Auswahl sind G1\/2\u201d, G3\/4\u201d, G1\u201d, DN40, DN50, DN65, DN80, DN100. Kreisl\u00e4ufe, die gesp\u00fclt und gewaschen werden m\u00fcssen, lassen sich mit Extraanschl\u00fcssen ausstatten.<\/p>\n<h2>BREITE ANWENDUNGSM\u00d6GLICHKEITEN<\/h2>\n<p>Wasser, Fl\u00fcssigkeiten mit Wasser, Dampf, Dunst, \u00d6le, Hydraulik\u00f6le, Hei\u00df\u00f6le, Kalt\u00f6le, Brenner\u00f6le, chemische Fl\u00fcssigkeiten, Gase, Luft.<\/p>\n<p>Wir folgen der Europ\u00e4ische Druckger\u00e4terichtlinie 97\/23\/EU. Erlaubte Gebrauchsdr\u00fccke reichen von null bis 60 bar. Erlaubte Nutzungstemperaturen von unter null bis zu mehreren hundert Grad Celsius, je nach Anwendung.<\/p>\n<p>[\/et_pb_text][\/et_pb_column][et_pb_column type=&#8220;1_4&#8243;][et_pb_image _builder_version=&#8220;3.0.71&#8243; src=&#8220;https:\/\/raucell.fi\/wp-content\/uploads\/2017\/10\/tuotekuva.jpg&#8220; show_in_lightbox=&#8220;off&#8220; url_new_window=&#8220;off&#8220; use_overlay=&#8220;off&#8220; sticky=&#8220;off&#8220; align=&#8220;center&#8220; always_center_on_mobile=&#8220;on&#8220; border_style=&#8220;solid&#8220; force_fullwidth=&#8220;off&#8220; animation=&#8220;right&#8220; \/][\/et_pb_column][\/et_pb_row][\/et_pb_section]<\/p>\n","protected":false},"excerpt":{"rendered":"<p>Produktpr\u00e4sentation NEUARTIGE PRODUKTINNOVATION Der Plattenw\u00e4rmetauscher von RauCell verf\u00fcgt \u00fcber Referenzen in verschiedenen Kundenanwendungen seit 1994. EFFEKTIV UND KLEIN, AUSDAUERND Die W\u00e4rmetauschplatten haben keine Flussl\u00f6cher, welche die Oberfl\u00e4che zur W\u00e4rme\u00fcbertragung verkleinern und den Durchfluss einschr\u00e4nken. Die Platten sind an der Kante zu einem einheitlichen und dauerhaften Mantel zusammengeschwei\u00dft. GESAMTKONSTRUKTION AUS S\u00c4UREBEST\u00c4NDIGEM EDELSTAHL, AISI316L Prim\u00e4re und sekund\u00e4re [&hellip;]<\/p>\n","protected":false},"author":1,"featured_media":0,"parent":0,"menu_order":0,"comment_status":"closed","ping_status":"closed","template":"","meta":{"_et_pb_use_builder":"on","_et_pb_old_content":"","_et_gb_content_width":"","footnotes":""},"class_list":["post-204","page","type-page","status-publish","hentry"],"_links":{"self":[{"href":"https:\/\/raucell.fi\/de\/wp-json\/wp\/v2\/pages\/204","targetHints":{"allow":["GET"]}}],"collection":[{"href":"https:\/\/raucell.fi\/de\/wp-json\/wp\/v2\/pages"}],"about":[{"href":"https:\/\/raucell.fi\/de\/wp-json\/wp\/v2\/types\/page"}],"author":[{"embeddable":true,"href":"https:\/\/raucell.fi\/de\/wp-json\/wp\/v2\/users\/1"}],"replies":[{"embeddable":true,"href":"https:\/\/raucell.fi\/de\/wp-json\/wp\/v2\/comments?post=204"}],"version-history":[{"count":2,"href":"https:\/\/raucell.fi\/de\/wp-json\/wp\/v2\/pages\/204\/revisions"}],"predecessor-version":[{"id":224,"href":"https:\/\/raucell.fi\/de\/wp-json\/wp\/v2\/pages\/204\/revisions\/224"}],"wp:attachment":[{"href":"https:\/\/raucell.fi\/de\/wp-json\/wp\/v2\/media?parent=204"}],"curies":[{"name":"wp","href":"https:\/\/api.w.org\/{rel}","templated":true}]}}