{"id":200,"date":"2017-10-11T14:19:48","date_gmt":"2017-10-11T11:19:48","guid":{"rendered":"https:\/\/raucell.fi\/kayttosovellukset\/"},"modified":"2017-10-12T15:31:45","modified_gmt":"2017-10-12T12:31:45","slug":"anwendungen","status":"publish","type":"page","link":"https:\/\/raucell.fi\/de\/anwendungen\/","title":{"rendered":"Anwendungen"},"content":{"rendered":"<p>[et_pb_section bb_built=&#8220;1&#8243; _builder_version=&#8220;3.0.71&#8243;][et_pb_row _builder_version=&#8220;3.0.71&#8243; background_repeat_1=&#8220;no-repeat&#8220; make_fullwidth=&#8220;on&#8220;][et_pb_column type=&#8220;4_4&#8243;][et_pb_text _builder_version=&#8220;3.0.71&#8243; background_layout=&#8220;light&#8220; text_orientation=&#8220;left&#8220; border_style=&#8220;solid&#8220;]<\/p>\n<h1>ANWENDUNGEN<\/h1>\n<ul>\n<li>Erw\u00e4rmen von zirkulierendem Wasser<\/li>\n<li>Hydraulik\u00f6lk\u00fchler: Zellstoff- und Papierindustrie<\/li>\n<li>Gefrier- und Klimaanlagen-W\u00e4rmetauscher<\/li>\n<li>Verdampfer, Kondensatoren, Kompressork\u00fchler. F\u00fcr alle Medien, auch Ammoniak! Industrie- und Endverbraucher<\/li>\n<li>Brauchwasser: Milch-, Nahrungsmittel- und Fleischindustrie.<\/li>\n<li>Aufbau von Heizungs-, Klima- und L\u00fcftungstechnik<\/li>\n<li>Motor\u00f6lk\u00fchler: Schiffe und Diesel \/ Gaskraftwerke.<\/li>\n<li>Transformator-\u00d6lk\u00fchler<\/li>\n<li>Dampfkondensatoren: Zellstoff- und Papier- sowie chemische Industrie.<\/li>\n<li>Kondensieren von umweltsch\u00e4dlichen D\u00e4mpfen.<\/li>\n<li>Destillieren: Chemische Industrie<\/li>\n<li>Brenner\u00f6l-Vorw\u00e4rmer: Brennerindustrie und Endverbraucher<\/li>\n<li>Fl\u00fcssiggasheizungen<\/li>\n<li>\u00d6l- und Wasserk\u00fchler und zur Entfeuchtung von Druckluft in Kompressoren<\/li>\n<li>Warme und kalte \u00d6lerw\u00e4rmer und K\u00fchler: Chemische Industrie<\/li>\n<li>Waschzentrum-W\u00e4rmetauscher: Milch-, Getr\u00e4nke-, Metallindustrie und W\u00e4schereibetriebe.<\/li>\n<li>Lufterw\u00e4rmer und K\u00fchler, die Dampf, Wasser, \u00d6l verwenden: Chemische Industrie<\/li>\n<li>Salzl\u00f6sungsk\u00fchler: Fleischindustrie<\/li>\n<li>Probenehmer<\/li>\n<li>Swimmingpool-Heizungen<\/li>\n<li>Besondere Kundenanwendungen<\/li>\n<\/ul>\n<p>[\/et_pb_text][\/et_pb_column][\/et_pb_row][\/et_pb_section]<\/p>\n","protected":false},"excerpt":{"rendered":"<p>ANWENDUNGEN Erw\u00e4rmen von zirkulierendem Wasser Hydraulik\u00f6lk\u00fchler: Zellstoff- und Papierindustrie Gefrier- und Klimaanlagen-W\u00e4rmetauscher Verdampfer, Kondensatoren, Kompressork\u00fchler. F\u00fcr alle Medien, auch Ammoniak! Industrie- und Endverbraucher Brauchwasser: Milch-, Nahrungsmittel- und Fleischindustrie. Aufbau von Heizungs-, Klima- und L\u00fcftungstechnik Motor\u00f6lk\u00fchler: Schiffe und Diesel \/ Gaskraftwerke. Transformator-\u00d6lk\u00fchler Dampfkondensatoren: Zellstoff- und Papier- sowie chemische Industrie. Kondensieren von umweltsch\u00e4dlichen D\u00e4mpfen. Destillieren: Chemische Industrie [&hellip;]<\/p>\n","protected":false},"author":1,"featured_media":0,"parent":0,"menu_order":0,"comment_status":"closed","ping_status":"closed","template":"","meta":{"_et_pb_use_builder":"on","_et_pb_old_content":"","_et_gb_content_width":"","footnotes":""},"class_list":["post-200","page","type-page","status-publish","hentry"],"_links":{"self":[{"href":"https:\/\/raucell.fi\/de\/wp-json\/wp\/v2\/pages\/200","targetHints":{"allow":["GET"]}}],"collection":[{"href":"https:\/\/raucell.fi\/de\/wp-json\/wp\/v2\/pages"}],"about":[{"href":"https:\/\/raucell.fi\/de\/wp-json\/wp\/v2\/types\/page"}],"author":[{"embeddable":true,"href":"https:\/\/raucell.fi\/de\/wp-json\/wp\/v2\/users\/1"}],"replies":[{"embeddable":true,"href":"https:\/\/raucell.fi\/de\/wp-json\/wp\/v2\/comments?post=200"}],"version-history":[{"count":2,"href":"https:\/\/raucell.fi\/de\/wp-json\/wp\/v2\/pages\/200\/revisions"}],"predecessor-version":[{"id":226,"href":"https:\/\/raucell.fi\/de\/wp-json\/wp\/v2\/pages\/200\/revisions\/226"}],"wp:attachment":[{"href":"https:\/\/raucell.fi\/de\/wp-json\/wp\/v2\/media?parent=200"}],"curies":[{"name":"wp","href":"https:\/\/api.w.org\/{rel}","templated":true}]}}