{"id":196,"date":"2017-10-11T14:21:12","date_gmt":"2017-10-11T11:21:12","guid":{"rendered":"https:\/\/raucell.fi\/hoyrylammonsiirtimet-sarja-s\/"},"modified":"2017-10-12T15:35:34","modified_gmt":"2017-10-12T12:35:34","slug":"dampfwaermetauscher-von-raucell-serie-s","status":"publish","type":"page","link":"https:\/\/raucell.fi\/de\/dampfwaermetauscher-von-raucell-serie-s\/","title":{"rendered":"DAMPFW\u00c4RMETAUSCHER VON RAUCELL, SERIE S"},"content":{"rendered":"<p>[et_pb_section bb_built=&#8220;1&#8243; _builder_version=&#8220;3.0.71&#8243;][et_pb_row _builder_version=&#8220;3.0.71&#8243; background_repeat_1=&#8220;no-repeat&#8220; make_fullwidth=&#8220;on&#8220;][et_pb_column type=&#8220;4_4&#8243;][et_pb_text _builder_version=&#8220;3.0.71&#8243; background_layout=&#8220;light&#8220; text_orientation=&#8220;left&#8220; border_style=&#8220;solid&#8220;]<\/p>\n<h1>DAMPFW\u00c4RMETAUSCHER VON RAUCELL, SERIE S<\/h1>\n<p>Im unten folgenden Beispiel betr\u00e4gt der Dampfdruck 3 bar und die Temperatur 134 C\u00ba. Die Temperaturen des zu erhitzenden Wassers liegen bei 10 &#8211; 55 C\u00ba. Der Druckverlust des Wassers betr\u00e4gt 50 kPa. Der W\u00e4rmetauscher hat einen Durchmesser von 240 mm.<\/p>\n<table class=\"taulukko\">\n<tbody>\n<tr>\n<td bgcolor=\"#005c9d\"><strong>Typ<\/strong><\/td>\n<td bgcolor=\"#005c9d\"><strong>Heizleistung<\/strong><\/td>\n<td bgcolor=\"#005c9d\"><strong>Wasserfluss<\/strong><\/td>\n<td bgcolor=\"#005c9d\"><strong>Dampf-verbrauch<\/strong><\/td>\n<td bgcolor=\"#005c9d\"><strong>Ma\u00dfe<\/strong><\/td>\n<td bgcolor=\"#005c9d\"><strong>Gewicht<\/strong><\/td>\n<\/tr>\n<tr>\n<td><\/td>\n<td><strong>kW<\/strong><\/td>\n<td><strong>m\u00b3\/h<\/strong><\/td>\n<td><strong>kg\/h<\/strong><\/td>\n<td><strong>\u03a6\/S<\/strong><\/td>\n<td><strong>kg<\/strong><\/td>\n<\/tr>\n<tr>\n<td>240-45-9S<\/td>\n<td>198<\/td>\n<td>3,8<\/td>\n<td>329<\/td>\n<td>240\/52<\/td>\n<td>15<\/td>\n<\/tr>\n<tr>\n<td>240-45-15S<\/td>\n<td>314<\/td>\n<td>6,0<\/td>\n<td>522<\/td>\n<td>240\/63<\/td>\n<td>17<\/td>\n<\/tr>\n<tr>\n<td>240-45-23S<\/td>\n<td>471<\/td>\n<td>9,0<\/td>\n<td>782<\/td>\n<td>240\/80<\/td>\n<td>19<\/td>\n<\/tr>\n<tr>\n<td>240-45-35S<\/td>\n<td>706<\/td>\n<td>13,5<\/td>\n<td>1173<\/td>\n<td>240\/106<\/td>\n<td>23<\/td>\n<\/tr>\n<tr>\n<td>240-45-51S<\/td>\n<td>1020<\/td>\n<td>19,5<\/td>\n<td>1694<\/td>\n<td>240\/142<\/td>\n<td>27<\/td>\n<\/tr>\n<tr>\n<td>240-45-81S<\/td>\n<td>1606<\/td>\n<td>30,7<\/td>\n<td>2668<\/td>\n<td>240\/207<\/td>\n<td>33<\/td>\n<\/tr>\n<tr>\n<td>240-45-105S<\/td>\n<td>2082<\/td>\n<td>39,8<\/td>\n<td>3459<\/td>\n<td>240\/260<\/td>\n<td>41<\/td>\n<\/tr>\n<tr>\n<td>240-45-135S<\/td>\n<td>2669<\/td>\n<td>51,0<\/td>\n<td>4434<\/td>\n<td>240\/328<\/td>\n<td>48<\/td>\n<\/tr>\n<tr>\n<td>240-45-151S<\/td>\n<td>2983<\/td>\n<td>57,0<\/td>\n<td>4956<\/td>\n<td>240\/365<\/td>\n<td>53<\/td>\n<\/tr>\n<\/tbody>\n<\/table>\n<p>Hinweis! Wenn das Wasser durch Dampf erhitzt wird, muss auf eine rechtzeitige und langsame Einwirkung des Dampfventils geachtet werden, um eine Korrosion der Chloridsalze bei extrem hohen Temperaturen zu vermeiden. Zu diesem Zweck ist es sinnvoll, f\u00fcr einen kontinuierlichen Durchfluss des Wassers durch den W\u00e4rmetauscher zu sorgen. F\u00fcr extreme mehr Bedingungen kann ein korrosionsbest\u00e4ndigeres Material als AISI316L verwendet werden.<\/p>\n<p>[\/et_pb_text][\/et_pb_column][\/et_pb_row][\/et_pb_section]<\/p>\n","protected":false},"excerpt":{"rendered":"<p>DAMPFW\u00c4RMETAUSCHER VON RAUCELL, SERIE S Im unten folgenden Beispiel betr\u00e4gt der Dampfdruck 3 bar und die Temperatur 134 C\u00ba. Die Temperaturen des zu erhitzenden Wassers liegen bei 10 &#8211; 55 C\u00ba. Der Druckverlust des Wassers betr\u00e4gt 50 kPa. Der W\u00e4rmetauscher hat einen Durchmesser von 240 mm. Typ Heizleistung Wasserfluss Dampf-verbrauch Ma\u00dfe Gewicht kW m\u00b3\/h kg\/h [&hellip;]<\/p>\n","protected":false},"author":1,"featured_media":0,"parent":0,"menu_order":0,"comment_status":"closed","ping_status":"closed","template":"","meta":{"_et_pb_use_builder":"on","_et_pb_old_content":"","_et_gb_content_width":"","footnotes":""},"class_list":["post-196","page","type-page","status-publish","hentry"],"_links":{"self":[{"href":"https:\/\/raucell.fi\/de\/wp-json\/wp\/v2\/pages\/196","targetHints":{"allow":["GET"]}}],"collection":[{"href":"https:\/\/raucell.fi\/de\/wp-json\/wp\/v2\/pages"}],"about":[{"href":"https:\/\/raucell.fi\/de\/wp-json\/wp\/v2\/types\/page"}],"author":[{"embeddable":true,"href":"https:\/\/raucell.fi\/de\/wp-json\/wp\/v2\/users\/1"}],"replies":[{"embeddable":true,"href":"https:\/\/raucell.fi\/de\/wp-json\/wp\/v2\/comments?post=196"}],"version-history":[{"count":3,"href":"https:\/\/raucell.fi\/de\/wp-json\/wp\/v2\/pages\/196\/revisions"}],"predecessor-version":[{"id":450,"href":"https:\/\/raucell.fi\/de\/wp-json\/wp\/v2\/pages\/196\/revisions\/450"}],"wp:attachment":[{"href":"https:\/\/raucell.fi\/de\/wp-json\/wp\/v2\/media?parent=196"}],"curies":[{"name":"wp","href":"https:\/\/api.w.org\/{rel}","templated":true}]}}