{"id":192,"date":"2017-10-11T14:20:44","date_gmt":"2017-10-11T11:20:44","guid":{"rendered":"https:\/\/raucell.fi\/hydrauliikkaoljyn-jaahdyttimet-sarja-h\/"},"modified":"2017-10-12T15:34:42","modified_gmt":"2017-10-12T12:34:42","slug":"hydraulische-oelkuehler-von-raucell-serie-h","status":"publish","type":"page","link":"https:\/\/raucell.fi\/de\/hydraulische-oelkuehler-von-raucell-serie-h\/","title":{"rendered":"HYDRAULISCHE \u00d6LK\u00dcHLER VON RAUCELL; SERIE H"},"content":{"rendered":"<p>[et_pb_section bb_built=&#8220;1&#8243; _builder_version=&#8220;3.0.71&#8243;][et_pb_row _builder_version=&#8220;3.0.71&#8243; background_repeat_1=&#8220;no-repeat&#8220; make_fullwidth=&#8220;on&#8220;][et_pb_column type=&#8220;4_4&#8243;][et_pb_text _builder_version=&#8220;3.0.71&#8243; background_layout=&#8220;light&#8220; text_orientation=&#8220;left&#8220; border_style=&#8220;solid&#8220;]<\/p>\n<h1>HYDRAULISCHE \u00d6LK\u00dcHLER VON RAUCELL; SERIE H<\/h1>\n<table class=\"taulukko\">\n<tbody>\n<tr>\n<td bgcolor=\"#005c9d\"><strong>Typ<\/strong><\/td>\n<td bgcolor=\"#005c9d\"><strong>K\u00fchlleistung<\/strong><\/td>\n<td bgcolor=\"#005c9d\"><strong>\u00d6lfluss<\/strong><\/td>\n<td bgcolor=\"#005c9d\"><strong>Wasser fluss<\/strong><\/td>\n<td bgcolor=\"#005c9d\"><strong>Anschl\u00fcsse<\/strong><\/td>\n<td bgcolor=\"#005c9d\"><strong>Ma\u00dfe<\/strong><\/td>\n<td bgcolor=\"#005c9d\"><strong>Gewicht<\/strong><\/td>\n<\/tr>\n<tr>\n<td><\/td>\n<td><strong>kW<\/strong><\/td>\n<td><strong>L\/min<\/strong><\/td>\n<td><strong>L\/min<\/strong><\/td>\n<td><\/td>\n<td><strong>\u03a6\/S<\/strong><\/td>\n<td><strong>kg<\/strong><\/td>\n<\/tr>\n<tr>\n<td>240-120-9H<\/td>\n<td>10<\/td>\n<td>26<\/td>\n<td>20<\/td>\n<td>R3\/4&#8243;<\/td>\n<td>240\/52<\/td>\n<td>15<\/td>\n<\/tr>\n<tr>\n<td>240-120-15H<\/td>\n<td>18<\/td>\n<td>47<\/td>\n<td>36<\/td>\n<td>R3\/4&#8243;<\/td>\n<td>240\/63<\/td>\n<td>17<\/td>\n<\/tr>\n<tr>\n<td>240-120-23H<\/td>\n<td>27<\/td>\n<td>70<\/td>\n<td>55<\/td>\n<td>R1&#8243;<\/td>\n<td>240\/80<\/td>\n<td>19<\/td>\n<\/tr>\n<tr>\n<td>240-120-35H<\/td>\n<td>40<\/td>\n<td>105<\/td>\n<td>81<\/td>\n<td>R1&#8243;<\/td>\n<td>240\/106<\/td>\n<td>23<\/td>\n<\/tr>\n<tr>\n<td>240-120-51H<\/td>\n<td>58<\/td>\n<td>151<\/td>\n<td>118<\/td>\n<td>NS40<\/td>\n<td>240\/142<\/td>\n<td>27<\/td>\n<\/tr>\n<tr>\n<td>240-120-81H<\/td>\n<td>92<\/td>\n<td>239<\/td>\n<td>188<\/td>\n<td>NS40<\/td>\n<td>240\/207<\/td>\n<td>33<\/td>\n<\/tr>\n<tr>\n<td>240-120-105H<\/td>\n<td>119<\/td>\n<td>309<\/td>\n<td>243<\/td>\n<td>NS40<\/td>\n<td>240\/260<\/td>\n<td>41<\/td>\n<\/tr>\n<tr>\n<td>240-120-135H<\/td>\n<td>152<\/td>\n<td>396<\/td>\n<td>311<\/td>\n<td>NS50<\/td>\n<td>240\/328<\/td>\n<td>48<\/td>\n<\/tr>\n<tr>\n<td>240-120-151H<\/td>\n<td>175<\/td>\n<td>455<\/td>\n<td>358<\/td>\n<td>NS50<\/td>\n<td>240\/365<\/td>\n<td>53<\/td>\n<\/tr>\n<\/tbody>\n<\/table>\n<p>&nbsp;<\/p>\n<p>\u03a6 = Durchmesser (mm)<br \/>\nS = St\u00e4rke des Paketes<strong><br \/>\n<\/strong><br \/>\n\u00d6ltyp:\u00a0<strong>ISO VG46<\/strong><br \/>\n\u00d6ltemperaturen 60 &#8211; 45 \u00baC<br \/>\n\u00d6ldruckverlust 100 kPa<br \/>\nK\u00fchlwassertemperaturen 25 &#8211; 32 \u00baC<br \/>\nK\u00fchlwasser-Druckverlust 35 kPa<br \/>\nHinweis: Beim W\u00e4rmetauschen betr\u00e4gt der Koeffizient 20% extra.<\/p>\n<p>Diese Tabelle kann verwendet werden, um den W\u00e4rmetauschertyp f\u00fcr folgende Daten zu<br \/>\nbestimmen: \u00d6ltyp ISO VG 220\u00a0<strong>ISO VG220<\/strong>.<br \/>\n\u00d6ltemperaturen 65 &#8211; 50 \u00baC<br \/>\n\u00d6ldruckverlust unter 200 kPa<br \/>\nK\u00fchlwassertemperaturen 25 &#8211; 32 \u00baC.<br \/>\nK\u00fchlwasser-Druckverlust 35 kPa<\/p>\n<p>Richtung: Aus der horizontalen Zeile n\u00e4chst den Ursprungswerten ausw\u00e4hlen. Der W\u00e4rmetauscher f\u00fcr \u00d6ltyp ISO VG 220 ist der W\u00e4rmetauscher der n\u00e4chsten horizontalen Zeile. Beispiel: \u00d6ltyp VG 220. \u00d6lfluss betr\u00e4gt 70 L\/min. Der W\u00e4rmetauschertyp ist 240-120-35H.<\/p>\n<p>[\/et_pb_text][\/et_pb_column][\/et_pb_row][\/et_pb_section]<\/p>\n","protected":false},"excerpt":{"rendered":"<p>HYDRAULISCHE \u00d6LK\u00dcHLER VON RAUCELL; SERIE H Typ K\u00fchlleistung \u00d6lfluss Wasser fluss Anschl\u00fcsse Ma\u00dfe Gewicht kW L\/min L\/min \u03a6\/S kg 240-120-9H 10 26 20 R3\/4&#8243; 240\/52 15 240-120-15H 18 47 36 R3\/4&#8243; 240\/63 17 240-120-23H 27 70 55 R1&#8243; 240\/80 19 240-120-35H 40 105 81 R1&#8243; 240\/106 23 240-120-51H 58 151 118 NS40 240\/142 27 240-120-81H [&hellip;]<\/p>\n","protected":false},"author":1,"featured_media":0,"parent":0,"menu_order":0,"comment_status":"closed","ping_status":"closed","template":"","meta":{"_et_pb_use_builder":"on","_et_pb_old_content":"","_et_gb_content_width":"","footnotes":""},"class_list":["post-192","page","type-page","status-publish","hentry"],"_links":{"self":[{"href":"https:\/\/raucell.fi\/de\/wp-json\/wp\/v2\/pages\/192","targetHints":{"allow":["GET"]}}],"collection":[{"href":"https:\/\/raucell.fi\/de\/wp-json\/wp\/v2\/pages"}],"about":[{"href":"https:\/\/raucell.fi\/de\/wp-json\/wp\/v2\/types\/page"}],"author":[{"embeddable":true,"href":"https:\/\/raucell.fi\/de\/wp-json\/wp\/v2\/users\/1"}],"replies":[{"embeddable":true,"href":"https:\/\/raucell.fi\/de\/wp-json\/wp\/v2\/comments?post=192"}],"version-history":[{"count":3,"href":"https:\/\/raucell.fi\/de\/wp-json\/wp\/v2\/pages\/192\/revisions"}],"predecessor-version":[{"id":230,"href":"https:\/\/raucell.fi\/de\/wp-json\/wp\/v2\/pages\/192\/revisions\/230"}],"wp:attachment":[{"href":"https:\/\/raucell.fi\/de\/wp-json\/wp\/v2\/media?parent=192"}],"curies":[{"name":"wp","href":"https:\/\/api.w.org\/{rel}","templated":true}]}}