{"id":188,"date":"2017-10-11T14:22:02","date_gmt":"2017-10-11T11:22:02","guid":{"rendered":"https:\/\/raucell.fi\/esitteet-ja-ohjeet\/"},"modified":"2017-10-12T15:46:03","modified_gmt":"2017-10-12T12:46:03","slug":"handbuecher","status":"publish","type":"page","link":"https:\/\/raucell.fi\/de\/handbuecher\/","title":{"rendered":"HANDB\u00dcCHER"},"content":{"rendered":"<p>[et_pb_section bb_built=&#8220;1&#8243; _builder_version=&#8220;3.0.71&#8243;][et_pb_row _builder_version=&#8220;3.0.71&#8243; background_repeat_1=&#8220;no-repeat&#8220; make_fullwidth=&#8220;on&#8220;][et_pb_column type=&#8220;4_4&#8243;][et_pb_text _builder_version=&#8220;3.0.71&#8243; background_layout=&#8220;light&#8220; text_orientation=&#8220;left&#8220; border_style=&#8220;solid&#8220;]<\/p>\n<h1>HANDB\u00dcCHER<\/h1>\n<h2>BROSCH\u00dcREN (Dateiformat PDF)<\/h2>\n<p><a href=\"https:\/\/raucell.fi\/wp-content\/uploads\/2017\/10\/raucell_brochure_fin.pdf\" target=\"_blank\" rel=\"noopener\">Finnish<\/a><br \/>\n<a href=\"https:\/\/raucell.fi\/wp-content\/uploads\/2017\/10\/brochure_eng.pdf\" target=\"_blank\" rel=\"noopener\">Englisch<\/a><br \/>\n<a href=\"https:\/\/raucell.fi\/wp-content\/uploads\/2017\/10\/brochure_ger.pdf\" target=\"_blank\" rel=\"noopener\">Deutsch<\/a><\/p>\n<h2>HANDB\u00dcCHER (Dateiformat PDF)<\/h2>\n<p><a href=\"https:\/\/raucell.fi\/wp-content\/uploads\/2017\/10\/use_and_servicing_fin.pdf\" target=\"_blank\" rel=\"noopener\">Finnisch<\/a><br \/>\n<a href=\"https:\/\/raucell.fi\/wp-content\/uploads\/2017\/10\/use_and_servicing_eng.pdf\" target=\"_blank\" rel=\"noopener\">Englisch<\/a><br \/>\n<a href=\"https:\/\/raucell.fi\/wp-content\/uploads\/2017\/10\/use_and_servicing_ger.pdf\" target=\"_blank\" rel=\"noopener\">Deutsch<\/a><br \/>\n<a href=\"https:\/\/raucell.fi\/wp-content\/uploads\/2017\/10\/use_and_servicing_rus.pdf\" target=\"_blank\" rel=\"noopener\">Russisch<\/a><br \/>\n<a href=\"https:\/\/raucell.fi\/wp-content\/uploads\/2017\/10\/use_and_servicing_swe.pdf\" target=\"_blank\" rel=\"noopener\">Schwedisch<\/a><br \/>\n<a href=\"https:\/\/raucell.fi\/wp-content\/uploads\/2017\/10\/use_and_servicing_est.pdf\" target=\"_blank\" rel=\"noopener\">Estnisch<\/a><\/p>\n<h2>MASSZEICHNUNGEN (Dateiformat PDF)<\/h2>\n<p><a href=\"https:\/\/raucell.fi\/wp-content\/uploads\/2017\/10\/240-sarja.pdf\" target=\"_blank\" rel=\"noopener\">Finnisch (240-serie)<\/a><br \/>\n<a href=\"https:\/\/raucell.fi\/wp-content\/uploads\/2017\/10\/240-serial.pdf\" target=\"_blank\" rel=\"noopener\">Englisch (240-serie)<\/a><\/p>\n<p>[\/et_pb_text][\/et_pb_column][\/et_pb_row][\/et_pb_section]<\/p>\n","protected":false},"excerpt":{"rendered":"<p>HANDB\u00dcCHER BROSCH\u00dcREN (Dateiformat PDF) Finnish Englisch Deutsch HANDB\u00dcCHER (Dateiformat PDF) Finnisch Englisch Deutsch Russisch Schwedisch Estnisch MASSZEICHNUNGEN (Dateiformat PDF) Finnisch (240-serie) Englisch (240-serie)<\/p>\n","protected":false},"author":1,"featured_media":0,"parent":0,"menu_order":0,"comment_status":"closed","ping_status":"closed","template":"","meta":{"_et_pb_use_builder":"on","_et_pb_old_content":"","_et_gb_content_width":"","footnotes":""},"class_list":["post-188","page","type-page","status-publish","hentry"],"_links":{"self":[{"href":"https:\/\/raucell.fi\/de\/wp-json\/wp\/v2\/pages\/188","targetHints":{"allow":["GET"]}}],"collection":[{"href":"https:\/\/raucell.fi\/de\/wp-json\/wp\/v2\/pages"}],"about":[{"href":"https:\/\/raucell.fi\/de\/wp-json\/wp\/v2\/types\/page"}],"author":[{"embeddable":true,"href":"https:\/\/raucell.fi\/de\/wp-json\/wp\/v2\/users\/1"}],"replies":[{"embeddable":true,"href":"https:\/\/raucell.fi\/de\/wp-json\/wp\/v2\/comments?post=188"}],"version-history":[{"count":2,"href":"https:\/\/raucell.fi\/de\/wp-json\/wp\/v2\/pages\/188\/revisions"}],"predecessor-version":[{"id":242,"href":"https:\/\/raucell.fi\/de\/wp-json\/wp\/v2\/pages\/188\/revisions\/242"}],"wp:attachment":[{"href":"https:\/\/raucell.fi\/de\/wp-json\/wp\/v2\/media?parent=188"}],"curies":[{"name":"wp","href":"https:\/\/api.w.org\/{rel}","templated":true}]}}