{"id":174,"date":"2017-10-11T14:11:37","date_gmt":"2017-10-11T11:11:37","guid":{"rendered":"https:\/\/raucell.fi\/etusivu\/"},"modified":"2020-08-27T15:52:57","modified_gmt":"2020-08-27T12:52:57","slug":"etusivu","status":"publish","type":"page","link":"https:\/\/raucell.fi\/de\/","title":{"rendered":"Home"},"content":{"rendered":"<p>[et_pb_section fb_built=&#8220;1&#8243; module_id=&#8220;quality&#8220; _builder_version=&#8220;3.22&#8243;][et_pb_row _builder_version=&#8220;3.25&#8243;][et_pb_column type=&#8220;4_4&#8243; _builder_version=&#8220;3.0.47&#8243; custom_padding=&#8220;|||&#8220; custom_padding__hover=&#8220;|||&#8220;][et_pb_text _builder_version=&#8220;3.27.4&#8243; text_font=&#8220;Crete Round|on|on||&#8220; text_text_color=&#8220;#D40D15&#8243; text_font_size=&#8220;36px&#8220; header_font=&#8220;||||&#8220; text_orientation=&#8220;center&#8220; module_alignment=&#8220;center&#8220;]Quality for all<br \/>\n[\/et_pb_text][\/et_pb_column][\/et_pb_row][\/et_pb_section][et_pb_section fb_built=&#8220;1&#8243; fullwidth=&#8220;on&#8220; _builder_version=&#8220;4.5.6&#8243; _module_preset=&#8220;default&#8220;][et_pb_fullwidth_header title=&#8220;Vahterus Oy acquired Raucell&#8217;s business on July 31, 2020&#8243; _builder_version=&#8220;4.6.0&#8243; _module_preset=&#8220;default&#8220;]<\/p>\n<p>Production of Raucell&#8217;s product will continue in Riihim\u00e4ki and sales will be transferred to Vahterus sales organization. The entire business of plate heat exchangers manufactured under the Raucell brand will be transferred to Vahterus business from August.<\/p>\n<p>For existing orders and requests for quotations, please contact the addresses below:<br \/>\nville.kesala(at)vahterus.com<br \/>\nor sales(at)vahterus.com<\/p>\n<p>[\/et_pb_fullwidth_header][\/et_pb_section][et_pb_section fb_built=&#8220;1&#8243; _builder_version=&#8220;3.22&#8243;][et_pb_row column_structure=&#8220;1_2,1_4,1_4&#8243; use_custom_gutter=&#8220;on&#8220; gutter_width=&#8220;3&#8243; module_class=&#8220; et_pb_row_fullwidth et_pb_row_fullwidth&#8220; _builder_version=&#8220;3.25&#8243; background_color=&#8220;#ffffff&#8220; width=&#8220;89%&#8220; width_tablet=&#8220;80%&#8220; width_phone=&#8220;&#8220; width_last_edited=&#8220;on|desktop&#8220; max_width=&#8220;89%&#8220; max_width_tablet=&#8220;80%&#8220; max_width_phone=&#8220;&#8220; max_width_last_edited=&#8220;on|desktop&#8220; make_fullwidth=&#8220;on&#8220;][et_pb_column type=&#8220;1_2&#8243; _builder_version=&#8220;3.0.47&#8243; custom_padding=&#8220;|||&#8220; custom_padding__hover=&#8220;|||&#8220;][et_pb_text module_id=&#8220;fp-intro&#8220; _builder_version=&#8220;4.5.6&#8243; border_style=&#8220;solid&#8220;]<\/p>\n<h1>KOMPLETT VERSCHWEISSTER RAUCELL -PLATTENW\u00c4RMETAUSCHER<\/h1>\n<ul>\n<li>Konstruktion &#8211; Prim\u00e4re und sekund\u00e4re Kreisl\u00e4ufe und alle Oberfl\u00e4chen aus s\u00e4urebest\u00e4ndigem Edelstahl, AISI316L.<\/li>\n<li>Anschl\u00fcsse an der Kante des W\u00e4rmetauschers. Keine L\u00f6cher in den Platten. Die gesamte Oberfl\u00e4che \u00fcbertr\u00e4gt W\u00e4rme.<\/li>\n<li>Die Platten werden von der Kante her zu einem Au\u00dfenmantel zusammengeschwei\u00dft. Keine Dichtungen.<\/li>\n<li>Keine Verbindungspunkte zwischen den Platten, an denen sich Schmutz ansammeln kann. Keine Hartl\u00f6tplatten aus aufl\u00f6sbarem, giftigem Zwischenkupfer oder anderen Schwermetallen.<\/li>\n<li>Anschlussgr\u00f6\u00dfen zur Auswahl. Sp\u00fcl- und Waschanschl\u00fcsse betriebsbereit. Umweltfreundliches Waschen von organischen Verschmutzungen mit Laugenwasser, das abgeleitet werden kann.<\/li>\n<\/ul>\n<p>[\/et_pb_text][\/et_pb_column][et_pb_column type=&#8220;1_4&#8243; _builder_version=&#8220;3.0.47&#8243; custom_padding=&#8220;|||&#8220; custom_padding__hover=&#8220;|||&#8220;][et_pb_image src=&#8220;https:\/\/raucell.fi\/wp-content\/uploads\/2017\/10\/raucell_prod-rt.jpg&#8220; align_tablet=&#8220;center&#8220; align_phone=&#8220;&#8220; align_last_edited=&#8220;on|desktop&#8220; _builder_version=&#8220;3.23&#8243; border_style=&#8220;solid&#8220; animation=&#8220;off&#8220; sticky=&#8220;off&#8220; always_center_on_mobile=&#8220;on&#8220;][\/et_pb_image][et_pb_text module_id=&#8220;kayttoalueita&#8220; _builder_version=&#8220;3.27.4&#8243; border_style=&#8220;solid&#8220;]<\/p>\n<h3>ANWENDUNGSGEBIET<\/h3>\n<ul>\n<li>Papier und Massa ind.<\/li>\n<li>Lebensmittel ind.<\/li>\n<li>Energie ind.<\/li>\n<li>Chemie ind.<\/li>\n<li>Metall ind.<\/li>\n<li>K\u00e4lte ind.<\/li>\n<li>Schiff ind.<\/li>\n<li>Bau ind.<\/li>\n<li>Besondere mit Kunden<\/li>\n<\/ul>\n<p>[\/et_pb_text][\/et_pb_column][et_pb_column type=&#8220;1_4&#8243; _builder_version=&#8220;3.0.47&#8243; custom_padding=&#8220;|||&#8220; custom_padding__hover=&#8220;|||&#8220;][et_pb_image src=&#8220;https:\/\/raucell.fi\/wp-content\/uploads\/2017\/10\/achema-2018.jpg&#8220; url=&#8220;http:\/\/www.achema.de\/en&#8220; url_new_window=&#8220;on&#8220; align_tablet=&#8220;center&#8220; align_phone=&#8220;&#8220; align_last_edited=&#8220;on|desktop&#8220; _builder_version=&#8220;3.23&#8243; animation_style=&#8220;slide&#8220; animation_direction=&#8220;right&#8220; animation_duration=&#8220;500ms&#8220; animation_intensity_slide=&#8220;10%&#8220; border_style=&#8220;solid&#8220; animation=&#8220;right&#8220; sticky=&#8220;off&#8220; always_center_on_mobile=&#8220;on&#8220;][\/et_pb_image][\/et_pb_column][\/et_pb_row][\/et_pb_section][et_pb_section fb_built=&#8220;1&#8243; module_id=&#8220;footteri&#8220; _builder_version=&#8220;3.22&#8243; background_image=&#8220;https:\/\/raucell.fi\/wp-content\/uploads\/2017\/10\/footer-bg.jpg&#8220; background_size=&#8220;initial&#8220; background_repeat=&#8220;repeat&#8220;][et_pb_row column_structure=&#8220;1_4,1_2,1_4&#8243; module_class=&#8220; et_pb_row_fullwidth&#8220; _builder_version=&#8220;3.25&#8243; width=&#8220;94%&#8220; width_tablet=&#8220;80%&#8220; width_phone=&#8220;&#8220; width_last_edited=&#8220;on|desktop&#8220; max_width=&#8220;94%&#8220; max_width_tablet=&#8220;80%&#8220; max_width_phone=&#8220;&#8220; max_width_last_edited=&#8220;on|desktop&#8220; make_fullwidth=&#8220;on&#8220;][et_pb_column type=&#8220;1_4&#8243; _builder_version=&#8220;3.0.47&#8243; custom_padding=&#8220;|||&#8220; custom_padding__hover=&#8220;|||&#8220;][et_pb_text _builder_version=&#8220;4.6.0&#8243; hover_enabled=&#8220;0&#8243; z_index_tablet=&#8220;500&#8243; text_text_shadow_horizontal_length_tablet=&#8220;0px&#8220; text_text_shadow_vertical_length_tablet=&#8220;0px&#8220; text_text_shadow_blur_strength_tablet=&#8220;1px&#8220; link_text_shadow_horizontal_length_tablet=&#8220;0px&#8220; link_text_shadow_vertical_length_tablet=&#8220;0px&#8220; link_text_shadow_blur_strength_tablet=&#8220;1px&#8220; ul_text_shadow_horizontal_length_tablet=&#8220;0px&#8220; ul_text_shadow_vertical_length_tablet=&#8220;0px&#8220; ul_text_shadow_blur_strength_tablet=&#8220;1px&#8220; ol_text_shadow_horizontal_length_tablet=&#8220;0px&#8220; ol_text_shadow_vertical_length_tablet=&#8220;0px&#8220; ol_text_shadow_blur_strength_tablet=&#8220;1px&#8220; quote_text_shadow_horizontal_length_tablet=&#8220;0px&#8220; quote_text_shadow_vertical_length_tablet=&#8220;0px&#8220; quote_text_shadow_blur_strength_tablet=&#8220;1px&#8220; header_text_shadow_horizontal_length_tablet=&#8220;0px&#8220; header_text_shadow_vertical_length_tablet=&#8220;0px&#8220; header_text_shadow_blur_strength_tablet=&#8220;1px&#8220; header_2_text_shadow_horizontal_length_tablet=&#8220;0px&#8220; header_2_text_shadow_vertical_length_tablet=&#8220;0px&#8220; header_2_text_shadow_blur_strength_tablet=&#8220;1px&#8220; header_3_text_shadow_horizontal_length_tablet=&#8220;0px&#8220; header_3_text_shadow_vertical_length_tablet=&#8220;0px&#8220; header_3_text_shadow_blur_strength_tablet=&#8220;1px&#8220; header_4_text_shadow_horizontal_length_tablet=&#8220;0px&#8220; header_4_text_shadow_vertical_length_tablet=&#8220;0px&#8220; header_4_text_shadow_blur_strength_tablet=&#8220;1px&#8220; header_5_text_shadow_horizontal_length_tablet=&#8220;0px&#8220; header_5_text_shadow_vertical_length_tablet=&#8220;0px&#8220; header_5_text_shadow_blur_strength_tablet=&#8220;1px&#8220; header_6_text_shadow_horizontal_length_tablet=&#8220;0px&#8220; header_6_text_shadow_vertical_length_tablet=&#8220;0px&#8220; header_6_text_shadow_blur_strength_tablet=&#8220;1px&#8220; box_shadow_horizontal_tablet=&#8220;0px&#8220; box_shadow_vertical_tablet=&#8220;0px&#8220; box_shadow_blur_tablet=&#8220;40px&#8220; box_shadow_spread_tablet=&#8220;0px&#8220; sticky_enabled=&#8220;0&#8243;]<\/p>\n<h3>Kontaktinformationen<\/h3>\n<div class=\"contactBox\">\n<p><strong>Raucell Oy<\/strong><\/p>\n<p>Tehdaskyl\u00e4nkatu 11 B<br \/> FIN-11710 Riihim\u00e4ki, Finnland<\/p>\n<p>GSM +358 44 742 7035<br \/> Tel +358 19 739 554<br \/> E-Mail:&nbsp;<a href=\"mailto:sales@vahterus.com\">sales[at]vahterus.com<\/a><br \/> www.raucell.com<\/p>\n<\/div>\n<p>[\/et_pb_text][\/et_pb_column][et_pb_column type=&#8220;1_2&#8243; _builder_version=&#8220;3.0.47&#8243; custom_padding=&#8220;|||&#8220; custom_padding__hover=&#8220;|||&#8220;][et_pb_text _builder_version=&#8220;3.27.4&#8243; border_style=&#8220;solid&#8220;]<\/p>\n<h3>Patents<\/h3>\n<p>A structure for the end of pressure vessels, most applicably plate heat exchangers, for reducing the effects of movement changes and vibrations caused by variations in internal pressure and temperature. The end is made up of a heat transfer plate and an end part in such a way that the end part is connected by welding to the shell of the outer surface of the heat exchanger stack, forming an enclosed chamber on the end of the heat exchanger, into which chamber higher pressure than the external pressure level is brought and\/or generated. The higher pressure receives and dampens, via a heat transfer plate, vibration and pressure shocks harmful to the heat exchanger structure in the medium circuits of the heat exchanger.<\/p>\n<p>FI126717 B (2017)<\/p>\n<table>\n<tbody>\n<tr>\n<td><strong>Technology<\/strong><br \/>\nEPO 0903554 B1 (2004)<br \/>\nFI 79409 (1989 Original)<\/td>\n<td><strong>Technology Licensing<\/strong><\/td>\n<\/tr>\n<\/tbody>\n<\/table>\n<p>[\/et_pb_text][\/et_pb_column][et_pb_column type=&#8220;1_4&#8243; _builder_version=&#8220;3.0.47&#8243; custom_padding=&#8220;|||&#8220; custom_padding__hover=&#8220;|||&#8220;][et_pb_image src=&#8220;https:\/\/raucell.fi\/wp-content\/uploads\/2017\/10\/patent.png&#8220; show_in_lightbox=&#8220;on&#8220; align=&#8220;center&#8220; align_tablet=&#8220;center&#8220; align_phone=&#8220;&#8220; align_last_edited=&#8220;on|desktop&#8220; _builder_version=&#8220;3.23&#8243; max_width=&#8220;230px&#8220; custom_css_main_element=&#8220;border:solid 1px #ccc;&#8220; animation=&#8220;off&#8220;][\/et_pb_image][\/et_pb_column][\/et_pb_row][\/et_pb_section]<\/p>\n","protected":false},"excerpt":{"rendered":"<p>Quality for all Production of Raucell&#8217;s product will continue in Riihim\u00e4ki and sales will be transferred to Vahterus sales organization. The entire business of plate heat exchangers manufactured under the Raucell brand will be transferred to Vahterus business from August. For existing orders and requests for quotations, please contact the addresses below: ville.kesala(at)vahterus.com or sales(at)vahterus.comKOMPLETT [&hellip;]<\/p>\n","protected":false},"author":1,"featured_media":0,"parent":0,"menu_order":0,"comment_status":"closed","ping_status":"closed","template":"","meta":{"_et_pb_use_builder":"on","_et_pb_old_content":"","_et_gb_content_width":"","footnotes":""},"class_list":["post-174","page","type-page","status-publish","hentry"],"_links":{"self":[{"href":"https:\/\/raucell.fi\/de\/wp-json\/wp\/v2\/pages\/174","targetHints":{"allow":["GET"]}}],"collection":[{"href":"https:\/\/raucell.fi\/de\/wp-json\/wp\/v2\/pages"}],"about":[{"href":"https:\/\/raucell.fi\/de\/wp-json\/wp\/v2\/types\/page"}],"author":[{"embeddable":true,"href":"https:\/\/raucell.fi\/de\/wp-json\/wp\/v2\/users\/1"}],"replies":[{"embeddable":true,"href":"https:\/\/raucell.fi\/de\/wp-json\/wp\/v2\/comments?post=174"}],"version-history":[{"count":15,"href":"https:\/\/raucell.fi\/de\/wp-json\/wp\/v2\/pages\/174\/revisions"}],"predecessor-version":[{"id":3516,"href":"https:\/\/raucell.fi\/de\/wp-json\/wp\/v2\/pages\/174\/revisions\/3516"}],"wp:attachment":[{"href":"https:\/\/raucell.fi\/de\/wp-json\/wp\/v2\/media?parent=174"}],"curies":[{"name":"wp","href":"https:\/\/api.w.org\/{rel}","templated":true}]}}